{"id":894,"date":"2026-02-20T19:09:03","date_gmt":"2026-02-20T19:09:03","guid":{"rendered":"https:\/\/comovotar.sindicato.com.br\/prevcom\/?page_id=894"},"modified":"2026-02-24T19:59:38","modified_gmt":"2026-02-24T19:59:38","slug":"cf_chapa-5","status":"publish","type":"page","link":"https:\/\/comovotar.sindicato.com.br\/prevcom\/cf_chapa-5\/","title":{"rendered":"Conselho Fiscal Chapa 5"},"content":{"rendered":"\t\t<div data-elementor-type=\"wp-page\" data-elementor-id=\"894\" class=\"elementor elementor-894\" data-elementor-settings=\"{&quot;ha_cmc_init_switcher&quot;:&quot;no&quot;}\" data-elementor-post-type=\"page\">\n\t\t\t\t\t\t<section class=\"elementor-section elementor-top-section elementor-element elementor-element-0d1eb0b elementor-section-boxed elementor-section-height-default elementor-section-height-default\" data-id=\"0d1eb0b\" data-element_type=\"section\" data-e-type=\"section\" data-settings=\"{&quot;_ha_eqh_enable&quot;:false}\">\n\t\t\t\t\t\t<div class=\"elementor-container elementor-column-gap-default\">\n\t\t\t\t\t<div class=\"elementor-column elementor-col-100 elementor-top-column elementor-element elementor-element-a170139\" data-id=\"a170139\" data-element_type=\"column\" data-e-type=\"column\">\n\t\t\t<div class=\"elementor-widget-wrap elementor-element-populated\">\n\t\t\t\t\t\t<div class=\"elementor-element elementor-element-c11c9ab elementor-widget elementor-widget-text-editor\" data-id=\"c11c9ab\" data-element_type=\"widget\" data-e-type=\"widget\" data-widget_type=\"text-editor.default\">\n\t\t\t\t<div class=\"elementor-widget-container\">\n\t\t\t\t\t\t\t\t\t<p><a href=\"https:\/\/comovotar.sindicato.com.br\/prevcom\/#candidatosCF\" rel=\"noopener\"><span style=\"text-decoration: underline; color: #b2c229;\">&lt; Voltar<\/span><\/a><\/p>\t\t\t\t\t\t\t\t<\/div>\n\t\t\t\t<\/div>\n\t\t\t\t<div class=\"elementor-element elementor-element-b4737d1 elementor-widget__width-initial elementor-widget elementor-widget-heading\" data-id=\"b4737d1\" data-element_type=\"widget\" data-e-type=\"widget\" data-widget_type=\"heading.default\">\n\t\t\t\t<div class=\"elementor-widget-container\">\n\t\t\t\t\t<h2 class=\"elementor-heading-title elementor-size-default\">Candidatos: Conselho fiscal<\/h2>\t\t\t\t<\/div>\n\t\t\t\t<\/div>\n\t\t\t\t<div class=\"elementor-element elementor-element-eb1393b elementor-widget__width-initial elementor-widget elementor-widget-heading\" data-id=\"eb1393b\" data-element_type=\"widget\" data-e-type=\"widget\" data-widget_type=\"heading.default\">\n\t\t\t\t<div class=\"elementor-widget-container\">\n\t\t\t\t\t<h2 class=\"elementor-heading-title elementor-size-default\">CHAPA 5<\/h2>\t\t\t\t<\/div>\n\t\t\t\t<\/div>\n\t\t\t\t<div class=\"elementor-element elementor-element-a363e70 elementor-widget__width-initial elementor-widget elementor-widget-heading\" data-id=\"a363e70\" data-element_type=\"widget\" data-e-type=\"widget\" data-widget_type=\"heading.default\">\n\t\t\t\t<div class=\"elementor-widget-container\">\n\t\t\t\t\t<h2 class=\"elementor-heading-title elementor-size-default\">Nossa candidatura \u00e9 fundamentada em pilares essenciais para a boa governan\u00e7a da PREVCOM, unindo s\u00f3lida trajet\u00f3ria profissional na gest\u00e3o p\u00fablica e no setor financeiro \u00e0 forma\u00e7\u00e3o acad\u00e9mica necess\u00e1ria para exercer a fun\u00e7\u00e3o com excel\u00eancia e integridade. <\/h2>\t\t\t\t<\/div>\n\t\t\t\t<\/div>\n\t\t\t\t\t<\/div>\n\t\t<\/div>\n\t\t\t\t\t<\/div>\n\t\t<\/section>\n\t\t\t\t<section class=\"elementor-section elementor-top-section elementor-element elementor-element-bcb2de9 elementor-section-boxed elementor-section-height-default elementor-section-height-default\" data-id=\"bcb2de9\" data-element_type=\"section\" data-e-type=\"section\" data-settings=\"{&quot;_ha_eqh_enable&quot;:false}\">\n\t\t\t\t\t\t<div class=\"elementor-container elementor-column-gap-default\">\n\t\t\t\t\t<div class=\"elementor-column elementor-col-33 elementor-top-column elementor-element elementor-element-c6c30bf\" data-id=\"c6c30bf\" data-element_type=\"column\" data-e-type=\"column\">\n\t\t\t<div class=\"elementor-widget-wrap elementor-element-populated\">\n\t\t\t\t\t\t<div class=\"elementor-element elementor-element-a72e706 elementor-widget__width-initial elementor-widget elementor-widget-image\" data-id=\"a72e706\" data-element_type=\"widget\" data-e-type=\"widget\" data-widget_type=\"image.default\">\n\t\t\t\t<div class=\"elementor-widget-container\">\n\t\t\t\t\t\t\t\t\t\t\t\t\t\t\t<img fetchpriority=\"high\" decoding=\"async\" width=\"320\" height=\"400\" src=\"https:\/\/comovotar.sindicato.com.br\/prevcom\/wp-content\/uploads\/sites\/134\/2026\/02\/CF_chapa05A_Elaine_Cristina_Eder.jpg\" class=\"attachment-full size-full wp-image-796\" alt=\"\" srcset=\"https:\/\/comovotar.sindicato.com.br\/prevcom\/wp-content\/uploads\/sites\/134\/2026\/02\/CF_chapa05A_Elaine_Cristina_Eder.jpg 320w, https:\/\/comovotar.sindicato.com.br\/prevcom\/wp-content\/uploads\/sites\/134\/2026\/02\/CF_chapa05A_Elaine_Cristina_Eder-240x300.jpg 240w\" sizes=\"(max-width: 320px) 100vw, 320px\" \/>\t\t\t\t\t\t\t\t\t\t\t\t\t\t\t<\/div>\n\t\t\t\t<\/div>\n\t\t\t\t\t<\/div>\n\t\t<\/div>\n\t\t\t\t<div class=\"elementor-column elementor-col-66 elementor-top-column elementor-element elementor-element-e4dd030\" data-id=\"e4dd030\" data-element_type=\"column\" data-e-type=\"column\">\n\t\t\t<div class=\"elementor-widget-wrap elementor-element-populated\">\n\t\t\t\t\t\t<div class=\"elementor-element elementor-element-0f5d3a9 elementor-widget__width-initial elementor-widget elementor-widget-heading\" data-id=\"0f5d3a9\" data-element_type=\"widget\" data-e-type=\"widget\" data-widget_type=\"heading.default\">\n\t\t\t\t<div class=\"elementor-widget-container\">\n\t\t\t\t\t<h2 class=\"elementor-heading-title elementor-size-default\">Candidato a <strong>CONSELHEIRO<\/strong><\/h2>\t\t\t\t<\/div>\n\t\t\t\t<\/div>\n\t\t\t\t<div class=\"elementor-element elementor-element-6a2ba18 elementor-widget__width-initial elementor-widget elementor-widget-heading\" data-id=\"6a2ba18\" data-element_type=\"widget\" data-e-type=\"widget\" data-widget_type=\"heading.default\">\n\t\t\t\t<div class=\"elementor-widget-container\">\n\t\t\t\t\t<h2 class=\"elementor-heading-title elementor-size-default\">Elaine Cristina Eder\n\n<\/h2>\t\t\t\t<\/div>\n\t\t\t\t<\/div>\n\t\t\t\t<div class=\"elementor-element elementor-element-c04a64e elementor-widget__width-initial elementor-widget elementor-widget-heading\" data-id=\"c04a64e\" data-element_type=\"widget\" data-e-type=\"widget\" data-widget_type=\"heading.default\">\n\t\t\t\t<div class=\"elementor-widget-container\">\n\t\t\t\t\t<h2 class=\"elementor-heading-title elementor-size-default\">ARSESP<\/h2>\t\t\t\t<\/div>\n\t\t\t\t<\/div>\n\t\t\t\t<div class=\"elementor-element elementor-element-bbc031e elementor-widget__width-initial elementor-widget elementor-widget-text-editor\" data-id=\"bbc031e\" data-element_type=\"widget\" data-e-type=\"widget\" data-widget_type=\"text-editor.default\">\n\t\t\t\t<div class=\"elementor-widget-container\">\n\t\t\t\t\t\t\t\t\t<p><strong>HIST\u00d3RICO PROFISSIONAL<\/strong><br \/>Gerente de Projetos e Estrutura\u00e7\u00e3o Regulat\u00f3ria<br \/>ARSESP \u2013 03\/2025 \u2013 Atual<br \/><br \/>Respons\u00e1vel pela condu\u00e7\u00e3o de projetos estrat\u00e9gicos, coordena\u00e7\u00e3o da Agenda Regulat\u00f3ria e dos<br \/>instrumentos de planejamento institucional (Relat\u00f3rio Anual, Plano Estrat\u00e9gico e Plano de Gest\u00e3o Anual). Atua no fortalecimento da governan\u00e7a, na elabora\u00e7\u00e3o de normas e metodologias<br \/>regulat\u00f3rias e lidera a Unidade de Gest\u00e3o de Integridade da ARSESP.<\/p><p><span style=\"text-decoration: underline; color: #b2c229;\"><a style=\"color: #b2c229;\" href=\"http:\/\/comovotar.sindicato.com.br\/prevcom\/wp-content\/uploads\/sites\/134\/2026\/02\/CV_Elaine_Eder_curriculo.pdf\" target=\"_blank\" rel=\"noopener\"><span style=\"color: #b2c229;\">Ver Curr\u00edculo completo<\/span><\/a><\/span><\/p>\t\t\t\t\t\t\t\t<\/div>\n\t\t\t\t<\/div>\n\t\t\t\t\t<\/div>\n\t\t<\/div>\n\t\t\t\t\t<\/div>\n\t\t<\/section>\n\t\t\t\t<section class=\"elementor-section elementor-top-section elementor-element elementor-element-a6cab2c elementor-section-boxed elementor-section-height-default elementor-section-height-default\" data-id=\"a6cab2c\" data-element_type=\"section\" data-e-type=\"section\" data-settings=\"{&quot;_ha_eqh_enable&quot;:false}\">\n\t\t\t\t\t\t<div class=\"elementor-container elementor-column-gap-default\">\n\t\t\t\t\t<div class=\"elementor-column elementor-col-33 elementor-top-column elementor-element elementor-element-cd0f251\" data-id=\"cd0f251\" data-element_type=\"column\" data-e-type=\"column\">\n\t\t\t<div class=\"elementor-widget-wrap elementor-element-populated\">\n\t\t\t\t\t\t<div class=\"elementor-element elementor-element-dcc3664 elementor-widget__width-initial elementor-widget elementor-widget-image\" data-id=\"dcc3664\" data-element_type=\"widget\" data-e-type=\"widget\" data-widget_type=\"image.default\">\n\t\t\t\t<div class=\"elementor-widget-container\">\n\t\t\t\t\t\t\t\t\t\t\t\t\t\t\t<img decoding=\"async\" width=\"320\" height=\"400\" src=\"https:\/\/comovotar.sindicato.com.br\/prevcom\/wp-content\/uploads\/sites\/134\/2026\/02\/CF_chapa05B_Bruno_Cruz_Silva.jpg\" class=\"attachment-full size-full wp-image-797\" alt=\"\" srcset=\"https:\/\/comovotar.sindicato.com.br\/prevcom\/wp-content\/uploads\/sites\/134\/2026\/02\/CF_chapa05B_Bruno_Cruz_Silva.jpg 320w, https:\/\/comovotar.sindicato.com.br\/prevcom\/wp-content\/uploads\/sites\/134\/2026\/02\/CF_chapa05B_Bruno_Cruz_Silva-240x300.jpg 240w\" sizes=\"(max-width: 320px) 100vw, 320px\" \/>\t\t\t\t\t\t\t\t\t\t\t\t\t\t\t<\/div>\n\t\t\t\t<\/div>\n\t\t\t\t\t<\/div>\n\t\t<\/div>\n\t\t\t\t<div class=\"elementor-column elementor-col-66 elementor-top-column elementor-element elementor-element-c0a7549\" data-id=\"c0a7549\" data-element_type=\"column\" data-e-type=\"column\">\n\t\t\t<div class=\"elementor-widget-wrap elementor-element-populated\">\n\t\t\t\t\t\t<div class=\"elementor-element elementor-element-3b157b2 elementor-widget__width-initial elementor-widget elementor-widget-heading\" data-id=\"3b157b2\" data-element_type=\"widget\" data-e-type=\"widget\" data-widget_type=\"heading.default\">\n\t\t\t\t<div class=\"elementor-widget-container\">\n\t\t\t\t\t<h2 class=\"elementor-heading-title elementor-size-default\">Candidato a <strong>SUPLENTE<\/strong><\/h2>\t\t\t\t<\/div>\n\t\t\t\t<\/div>\n\t\t\t\t<div class=\"elementor-element elementor-element-5ca1b62 elementor-widget__width-initial elementor-widget elementor-widget-heading\" data-id=\"5ca1b62\" data-element_type=\"widget\" data-e-type=\"widget\" data-widget_type=\"heading.default\">\n\t\t\t\t<div class=\"elementor-widget-container\">\n\t\t\t\t\t<h2 class=\"elementor-heading-title elementor-size-default\">Bruno Cruz Silva\n\n<\/h2>\t\t\t\t<\/div>\n\t\t\t\t<\/div>\n\t\t\t\t<div class=\"elementor-element elementor-element-6e1937d elementor-widget__width-initial elementor-widget elementor-widget-heading\" data-id=\"6e1937d\" data-element_type=\"widget\" data-e-type=\"widget\" data-widget_type=\"heading.default\">\n\t\t\t\t<div class=\"elementor-widget-container\">\n\t\t\t\t\t<h2 class=\"elementor-heading-title elementor-size-default\">ARSESP<\/h2>\t\t\t\t<\/div>\n\t\t\t\t<\/div>\n\t\t\t\t<div class=\"elementor-element elementor-element-9dadd32 elementor-widget__width-initial elementor-widget elementor-widget-text-editor\" data-id=\"9dadd32\" data-element_type=\"widget\" data-e-type=\"widget\" data-widget_type=\"text-editor.default\">\n\t\t\t\t<div class=\"elementor-widget-container\">\n\t\t\t\t\t\t\t\t\t<p><span class=\"TextRun SCXW84852639 BCX0\" lang=\"PT-BR\" xml:lang=\"PT-BR\" data-contrast=\"auto\"><span class=\"NormalTextRun SCXW84852639 BCX0\">Gerente de Or\u00e7amento e Finan\u00e7as<\/span><\/span><span class=\"EOP SCXW84852639 BCX0\" data-ccp-props=\"{}\">\u00a0<\/span><\/p><p><strong>RESUMO PROFISSIONAL<\/strong> <br \/><span class=\"TextRun SCXW225886104 BCX0\" lang=\"PT-BR\" xml:lang=\"PT-BR\" data-contrast=\"auto\"><span class=\"NormalTextRun SCXW225886104 BCX0\">Especialista em Contabilidade Aplicado ao Setor P\u00fablico e Controladoria. Atua h\u00e1 20 anos na \u00e1rea financeira com Expertise em Gest\u00e3o Or\u00e7ament\u00e1ria, PPA, conformidade fiscal e normas cont\u00e1beis (IFRS).<\/span><\/span><span class=\"EOP SCXW225886104 BCX0\" data-ccp-props=\"{}\">\u00a0<\/span><\/p><p><span style=\"text-decoration: underline; color: #b2c229;\"><a style=\"color: #b2c229;\" href=\"http:\/\/comovotar.sindicato.com.br\/prevcom\/wp-content\/uploads\/sites\/134\/2026\/02\/Bruno-Cruz-Silva_curriculo.pdf\" target=\"_blank\" rel=\"noopener\"><span style=\"color: #b2c229;\">Ver Curr\u00edculo completo<\/span><\/a><\/span><\/p>\t\t\t\t\t\t\t\t<\/div>\n\t\t\t\t<\/div>\n\t\t\t\t\t<\/div>\n\t\t<\/div>\n\t\t\t\t\t<\/div>\n\t\t<\/section>\n\t\t\t\t<section class=\"elementor-section elementor-top-section elementor-element elementor-element-ff9efd9 elementor-section-boxed elementor-section-height-default elementor-section-height-default\" data-id=\"ff9efd9\" data-element_type=\"section\" data-e-type=\"section\" data-settings=\"{&quot;_ha_eqh_enable&quot;:false}\">\n\t\t\t\t\t\t<div class=\"elementor-container elementor-column-gap-default\">\n\t\t\t\t\t<div class=\"elementor-column elementor-col-100 elementor-top-column elementor-element elementor-element-2a628e6\" data-id=\"2a628e6\" data-element_type=\"column\" data-e-type=\"column\">\n\t\t\t<div class=\"elementor-widget-wrap elementor-element-populated\">\n\t\t\t\t\t\t<div class=\"elementor-element elementor-element-0a27c7f elementor-widget__width-initial elementor-widget elementor-widget-heading\" data-id=\"0a27c7f\" data-element_type=\"widget\" data-e-type=\"widget\" data-widget_type=\"heading.default\">\n\t\t\t\t<div class=\"elementor-widget-container\">\n\t\t\t\t\t<h2 class=\"elementor-heading-title elementor-size-default\">Proposta de campanha<\/h2>\t\t\t\t<\/div>\n\t\t\t\t<\/div>\n\t\t\t\t\t<\/div>\n\t\t<\/div>\n\t\t\t\t\t<\/div>\n\t\t<\/section>\n\t\t\t\t<section class=\"elementor-section elementor-top-section elementor-element elementor-element-f02d4fe elementor-section-boxed elementor-section-height-default elementor-section-height-default\" data-id=\"f02d4fe\" data-element_type=\"section\" data-e-type=\"section\" data-settings=\"{&quot;background_background&quot;:&quot;classic&quot;,&quot;_ha_eqh_enable&quot;:false}\">\n\t\t\t\t\t\t<div class=\"elementor-container elementor-column-gap-default\">\n\t\t\t\t\t<div class=\"elementor-column elementor-col-100 elementor-top-column elementor-element elementor-element-2c90fe4\" data-id=\"2c90fe4\" data-element_type=\"column\" data-e-type=\"column\">\n\t\t\t<div class=\"elementor-widget-wrap elementor-element-populated\">\n\t\t\t\t\t\t<div class=\"elementor-element elementor-element-c7257af elementor-widget-divider--view-line elementor-widget elementor-widget-divider\" data-id=\"c7257af\" data-element_type=\"widget\" data-e-type=\"widget\" data-widget_type=\"divider.default\">\n\t\t\t\t<div class=\"elementor-widget-container\">\n\t\t\t\t\t\t\t<div class=\"elementor-divider\">\n\t\t\t<span class=\"elementor-divider-separator\">\n\t\t\t\t\t\t<\/span>\n\t\t<\/div>\n\t\t\t\t\t\t<\/div>\n\t\t\t\t<\/div>\n\t\t\t\t<div class=\"elementor-element elementor-element-d19a6bc elementor-widget__width-initial elementor-widget elementor-widget-text-editor\" data-id=\"d19a6bc\" data-element_type=\"widget\" data-e-type=\"widget\" data-widget_type=\"text-editor.default\">\n\t\t\t\t<div class=\"elementor-widget-container\">\n\t\t\t\t\t\t\t\t\t<p aria-level=\"1\"><b><span data-contrast=\"auto\"><span class=\"TextRun SCXW192546259 BCX0\" lang=\"PT-PT\" xml:lang=\"PT-PT\" data-contrast=\"auto\"><span class=\"NormalTextRun SCXW192546259 BCX0\" data-ccp-parastyle=\"heading 1\">Nossos pilares<\/span><\/span><span class=\"EOP SCXW192546259 BCX0\" data-ccp-props=\"{&quot;335559685&quot;:0,&quot;335559738&quot;:1}\">\u00a0<\/span><br \/><\/span><\/b><\/p><p><span data-contrast=\"auto\">Experi\u00eancia T\u00e9cnica<\/span><span data-ccp-props=\"{&quot;201341983&quot;:0,&quot;335559737&quot;:38,&quot;335559738&quot;:93,&quot;335559740&quot;:244}\">\u00a0<br \/><\/span><span data-contrast=\"auto\">Transpar\u00eancia<\/span><span data-ccp-props=\"{&quot;201341983&quot;:0,&quot;335559737&quot;:38,&quot;335559738&quot;:93,&quot;335559740&quot;:244}\">\u00a0<br \/><\/span><span data-contrast=\"auto\">Governan\u00e7a<\/span><span data-ccp-props=\"{&quot;201341983&quot;:0,&quot;335559737&quot;:38,&quot;335559738&quot;:93,&quot;335559740&quot;:244}\">\u00a0<\/span><\/p><p><b><span data-contrast=\"auto\">Nossa\u00a0Proposta<\/span><\/b><span data-ccp-props=\"{&quot;335559685&quot;:202,&quot;335559991&quot;:202}\">\u00a0<br \/><\/span><b><span data-contrast=\"auto\"><br \/>Atua\u00e7\u00e3o t\u00e9cnica e independente: <\/span><\/b><span data-contrast=\"auto\">Prezar pela legalidade,\u00a0economicidade\u00a0e\u00a0transpar\u00eancia\u00a0na gest\u00e3o dos\u00a0recursos da\u00a0PREVCOM.<\/span><span data-ccp-props=\"{&quot;201341983&quot;:0,&quot;335559685&quot;:768,&quot;335559737&quot;:701,&quot;335559738&quot;:243,&quot;335559740&quot;:292,&quot;335559991&quot;:768,&quot;469777462&quot;:[771],&quot;469777927&quot;:[0],&quot;469777928&quot;:[1]}\">\u00a0<\/span><\/p><p><b><span data-contrast=\"auto\">Fiscaliza\u00e7\u00e3o\u00a0cont\u00ednua\u00a0dos\u00a0investimentos:\u00a0<\/span><\/b><span data-contrast=\"auto\">Aten\u00e7\u00e3o\u00a0\u00e0\u00a0seguran\u00e7a,\u00a0rentabilidade\u00a0e<\/span><span data-ccp-props=\"{&quot;335559685&quot;:221,&quot;335559738&quot;:200}\">\u00a0<\/span><span data-contrast=\"auto\">total\u00a0ader\u00eancia\u00a0\u00e0\u00a0pol\u00edtica\u00a0de\u00a0investimentos.<\/span><span data-ccp-props=\"{&quot;335559685&quot;:769,&quot;335559738&quot;:56}\">\u00a0<\/span><\/p><p><b><span data-contrast=\"auto\">Incentivo \u00e0 educa\u00e7\u00e3o previdenci\u00e1ria:\u00a0<\/span><\/b><span data-contrast=\"auto\">Promover a compreens\u00e3o clara dos\u00a0direitos\u00a0e\u00a0deveres dos participantes e assistidos.<\/span><span data-ccp-props=\"{&quot;201341983&quot;:0,&quot;335559685&quot;:779,&quot;335559737&quot;:101,&quot;335559740&quot;:295,&quot;335559991&quot;:574,&quot;469777462&quot;:[772],&quot;469777927&quot;:[0],&quot;469777928&quot;:[1]}\">\u00a0<\/span><\/p><p><b><span data-contrast=\"auto\">Defesa da integridade institucional:\u00a0<\/span><\/b><span data-contrast=\"auto\">Foco no controle social, na preven\u00e7\u00e3o de riscos e combate a pr\u00e1ticas que fragilizem a goveman\u00e7a.<\/span><span data-ccp-props=\"{&quot;201341983&quot;:0,&quot;335559685&quot;:219,&quot;335559737&quot;:448,&quot;335559740&quot;:292,&quot;469777462&quot;:[771],&quot;469777927&quot;:[0],&quot;469777928&quot;:[1]}\">\u00a0<\/span><\/p><p><b><span data-contrast=\"auto\">Aproxima\u00e7\u00e3o com os\u00a0participantes:\u00a0<\/span><\/b><span data-contrast=\"auto\">Estabelecer canais de escuta ativa e di\u00e1logo qualificado para atender \u00e0s necessidades de todos.<\/span><span data-ccp-props=\"{&quot;201341983&quot;:0,&quot;335559685&quot;:779,&quot;335559737&quot;:142,&quot;335559740&quot;:348,&quot;335559991&quot;:582,&quot;469777462&quot;:[771],&quot;469777927&quot;:[0],&quot;469777928&quot;:[1]}\">\u00a0<\/span><\/p><p>\u00a0<\/p><p aria-level=\"1\"><b><span data-contrast=\"auto\">Nosso\u00a0Compromisso<\/span><\/b><span data-ccp-props=\"{&quot;335559685&quot;:235,&quot;335559738&quot;:145}\">\u00a0<br \/><\/span><span data-contrast=\"auto\">A PREVCOM \u00e9 um patrim\u00f4nio coletivo dos servidores p\u00fablicos. \u00c9 nossa responsabilidade assegurar que sua administra\u00e7\u00e3o seja conduzida com zelo, \u00e9tica e compet\u00eancia. Colocamos nossa experi\u00eancia a servi\u00e7o da seguran\u00e7a de todos os participantes e do futuro da previd\u00eancia complementar no Estado de S\u00e3o Paulo.<\/span><span data-ccp-props=\"{&quot;201341983&quot;:0,&quot;335551550&quot;:6,&quot;335551620&quot;:6,&quot;335559685&quot;:142,&quot;335559737&quot;:701,&quot;335559740&quot;:352}\">\u00a0<\/span><\/p>\t\t\t\t\t\t\t\t<\/div>\n\t\t\t\t<\/div>\n\t\t\t\t\t<\/div>\n\t\t<\/div>\n\t\t\t\t\t<\/div>\n\t\t<\/section>\n\t\t\t\t<section class=\"elementor-section elementor-top-section elementor-element elementor-element-c889245 elementor-section-boxed elementor-section-height-default elementor-section-height-default\" data-id=\"c889245\" data-element_type=\"section\" data-e-type=\"section\" data-settings=\"{&quot;background_background&quot;:&quot;classic&quot;,&quot;_ha_eqh_enable&quot;:false}\">\n\t\t\t\t\t\t<div class=\"elementor-container elementor-column-gap-default\">\n\t\t\t\t\t<div class=\"elementor-column elementor-col-100 elementor-top-column elementor-element elementor-element-8f3176a\" data-id=\"8f3176a\" data-element_type=\"column\" data-e-type=\"column\">\n\t\t\t<div class=\"elementor-widget-wrap elementor-element-populated\">\n\t\t\t\t\t\t<div class=\"elementor-element elementor-element-a0e04a4 elementor-widget-divider--view-line elementor-widget elementor-widget-divider\" data-id=\"a0e04a4\" data-element_type=\"widget\" data-e-type=\"widget\" data-widget_type=\"divider.default\">\n\t\t\t\t<div class=\"elementor-widget-container\">\n\t\t\t\t\t\t\t<div class=\"elementor-divider\">\n\t\t\t<span class=\"elementor-divider-separator\">\n\t\t\t\t\t\t<\/span>\n\t\t<\/div>\n\t\t\t\t\t\t<\/div>\n\t\t\t\t<\/div>\n\t\t\t\t\t<\/div>\n\t\t<\/div>\n\t\t\t\t\t<\/div>\n\t\t<\/section>\n\t\t\t\t<\/div>\n\t\t","protected":false},"excerpt":{"rendered":"<p>&lt; Voltar Candidatos: Conselho fiscal CHAPA 5 Nossa candidatura \u00e9 fundamentada em pilares essenciais para a boa governan\u00e7a da PREVCOM, unindo s\u00f3lida trajet\u00f3ria profissional na gest\u00e3o p\u00fablica e no setor financeiro \u00e0 forma\u00e7\u00e3o acad\u00e9mica necess\u00e1ria para exercer a fun\u00e7\u00e3o com excel\u00eancia e integridade. Candidato a CONSELHEIRO Elaine Cristina Eder ARSESP HIST\u00d3RICO PROFISSIONALGerente de Projetos e [&hellip;]<\/p>\n","protected":false},"author":4,"featured_media":0,"parent":0,"menu_order":0,"comment_status":"closed","ping_status":"closed","template":"","meta":{"footnotes":""},"class_list":["post-894","page","type-page","status-publish","hentry"],"_links":{"self":[{"href":"https:\/\/comovotar.sindicato.com.br\/prevcom\/wp-json\/wp\/v2\/pages\/894","targetHints":{"allow":["GET"]}}],"collection":[{"href":"https:\/\/comovotar.sindicato.com.br\/prevcom\/wp-json\/wp\/v2\/pages"}],"about":[{"href":"https:\/\/comovotar.sindicato.com.br\/prevcom\/wp-json\/wp\/v2\/types\/page"}],"author":[{"embeddable":true,"href":"https:\/\/comovotar.sindicato.com.br\/prevcom\/wp-json\/wp\/v2\/users\/4"}],"replies":[{"embeddable":true,"href":"https:\/\/comovotar.sindicato.com.br\/prevcom\/wp-json\/wp\/v2\/comments?post=894"}],"version-history":[{"count":29,"href":"https:\/\/comovotar.sindicato.com.br\/prevcom\/wp-json\/wp\/v2\/pages\/894\/revisions"}],"predecessor-version":[{"id":1395,"href":"https:\/\/comovotar.sindicato.com.br\/prevcom\/wp-json\/wp\/v2\/pages\/894\/revisions\/1395"}],"wp:attachment":[{"href":"https:\/\/comovotar.sindicato.com.br\/prevcom\/wp-json\/wp\/v2\/media?parent=894"}],"curies":[{"name":"wp","href":"https:\/\/api.w.org\/{rel}","templated":true}]}}