{"id":879,"date":"2026-02-20T19:04:24","date_gmt":"2026-02-20T19:04:24","guid":{"rendered":"https:\/\/comovotar.sindicato.com.br\/prevcom\/?page_id=879"},"modified":"2026-02-24T19:58:54","modified_gmt":"2026-02-24T19:58:54","slug":"cf_chapa-2","status":"publish","type":"page","link":"https:\/\/comovotar.sindicato.com.br\/prevcom\/cf_chapa-2\/","title":{"rendered":"Conselho Fiscal Chapa 2"},"content":{"rendered":"\t\t<div data-elementor-type=\"wp-page\" data-elementor-id=\"879\" class=\"elementor elementor-879\" data-elementor-settings=\"{&quot;ha_cmc_init_switcher&quot;:&quot;no&quot;}\" data-elementor-post-type=\"page\">\n\t\t\t\t\t\t<section class=\"elementor-section elementor-top-section elementor-element elementor-element-0d1eb0b elementor-section-boxed elementor-section-height-default elementor-section-height-default\" data-id=\"0d1eb0b\" data-element_type=\"section\" data-e-type=\"section\" data-settings=\"{&quot;_ha_eqh_enable&quot;:false}\">\n\t\t\t\t\t\t<div class=\"elementor-container elementor-column-gap-default\">\n\t\t\t\t\t<div class=\"elementor-column elementor-col-100 elementor-top-column elementor-element elementor-element-a170139\" data-id=\"a170139\" data-element_type=\"column\" data-e-type=\"column\">\n\t\t\t<div class=\"elementor-widget-wrap elementor-element-populated\">\n\t\t\t\t\t\t<div class=\"elementor-element elementor-element-c11c9ab elementor-widget elementor-widget-text-editor\" data-id=\"c11c9ab\" data-element_type=\"widget\" data-e-type=\"widget\" data-widget_type=\"text-editor.default\">\n\t\t\t\t<div class=\"elementor-widget-container\">\n\t\t\t\t\t\t\t\t\t<p><a href=\"https:\/\/comovotar.sindicato.com.br\/prevcom\/#candidatosCF\" rel=\"noopener\"><span style=\"text-decoration: underline; color: #b2c229;\">&lt; Voltar<\/span><\/a><\/p>\t\t\t\t\t\t\t\t<\/div>\n\t\t\t\t<\/div>\n\t\t\t\t<div class=\"elementor-element elementor-element-b4737d1 elementor-widget__width-initial elementor-widget elementor-widget-heading\" data-id=\"b4737d1\" data-element_type=\"widget\" data-e-type=\"widget\" data-widget_type=\"heading.default\">\n\t\t\t\t<div class=\"elementor-widget-container\">\n\t\t\t\t\t<h2 class=\"elementor-heading-title elementor-size-default\">Candidatos: Conselho fiscal<\/h2>\t\t\t\t<\/div>\n\t\t\t\t<\/div>\n\t\t\t\t<div class=\"elementor-element elementor-element-eb1393b elementor-widget__width-initial elementor-widget elementor-widget-heading\" data-id=\"eb1393b\" data-element_type=\"widget\" data-e-type=\"widget\" data-widget_type=\"heading.default\">\n\t\t\t\t<div class=\"elementor-widget-container\">\n\t\t\t\t\t<h2 class=\"elementor-heading-title elementor-size-default\">CHAPA 2<\/h2>\t\t\t\t<\/div>\n\t\t\t\t<\/div>\n\t\t\t\t<div class=\"elementor-element elementor-element-a363e70 elementor-widget__width-initial elementor-widget elementor-widget-heading\" data-id=\"a363e70\" data-element_type=\"widget\" data-e-type=\"widget\" data-widget_type=\"heading.default\">\n\t\t\t\t<div class=\"elementor-widget-container\">\n\t\t\t\t\t<h2 class=\"elementor-heading-title elementor-size-default\">Fiscaliza\u00e7\u00e3o t\u00e9cnica e independente, transpar\u00eancia clara, custos sob controle e prote\u00e7\u00e3o do patrim\u00f4nio dos participantes. <\/h2>\t\t\t\t<\/div>\n\t\t\t\t<\/div>\n\t\t\t\t\t<\/div>\n\t\t<\/div>\n\t\t\t\t\t<\/div>\n\t\t<\/section>\n\t\t\t\t<section class=\"elementor-section elementor-top-section elementor-element elementor-element-bcb2de9 elementor-section-boxed elementor-section-height-default elementor-section-height-default\" data-id=\"bcb2de9\" data-element_type=\"section\" data-e-type=\"section\" data-settings=\"{&quot;_ha_eqh_enable&quot;:false}\">\n\t\t\t\t\t\t<div class=\"elementor-container elementor-column-gap-default\">\n\t\t\t\t\t<div class=\"elementor-column elementor-col-33 elementor-top-column elementor-element elementor-element-c6c30bf\" data-id=\"c6c30bf\" data-element_type=\"column\" data-e-type=\"column\">\n\t\t\t<div class=\"elementor-widget-wrap elementor-element-populated\">\n\t\t\t\t\t\t<div class=\"elementor-element elementor-element-a72e706 elementor-widget__width-initial elementor-widget elementor-widget-image\" data-id=\"a72e706\" data-element_type=\"widget\" data-e-type=\"widget\" data-widget_type=\"image.default\">\n\t\t\t\t<div class=\"elementor-widget-container\">\n\t\t\t\t\t\t\t\t\t\t\t\t\t\t\t<img fetchpriority=\"high\" decoding=\"async\" width=\"320\" height=\"400\" src=\"https:\/\/comovotar.sindicato.com.br\/prevcom\/wp-content\/uploads\/sites\/134\/2026\/02\/CF_chapa02A_Enzo_Lucio_Ondei.jpg\" class=\"attachment-full size-full wp-image-790\" alt=\"\" srcset=\"https:\/\/comovotar.sindicato.com.br\/prevcom\/wp-content\/uploads\/sites\/134\/2026\/02\/CF_chapa02A_Enzo_Lucio_Ondei.jpg 320w, https:\/\/comovotar.sindicato.com.br\/prevcom\/wp-content\/uploads\/sites\/134\/2026\/02\/CF_chapa02A_Enzo_Lucio_Ondei-240x300.jpg 240w\" sizes=\"(max-width: 320px) 100vw, 320px\" \/>\t\t\t\t\t\t\t\t\t\t\t\t\t\t\t<\/div>\n\t\t\t\t<\/div>\n\t\t\t\t\t<\/div>\n\t\t<\/div>\n\t\t\t\t<div class=\"elementor-column elementor-col-66 elementor-top-column elementor-element elementor-element-e4dd030\" data-id=\"e4dd030\" data-element_type=\"column\" data-e-type=\"column\">\n\t\t\t<div class=\"elementor-widget-wrap elementor-element-populated\">\n\t\t\t\t\t\t<div class=\"elementor-element elementor-element-0f5d3a9 elementor-widget__width-initial elementor-widget elementor-widget-heading\" data-id=\"0f5d3a9\" data-element_type=\"widget\" data-e-type=\"widget\" data-widget_type=\"heading.default\">\n\t\t\t\t<div class=\"elementor-widget-container\">\n\t\t\t\t\t<h2 class=\"elementor-heading-title elementor-size-default\">Candidato a <strong>CONSELHEIRO<\/strong><\/h2>\t\t\t\t<\/div>\n\t\t\t\t<\/div>\n\t\t\t\t<div class=\"elementor-element elementor-element-6a2ba18 elementor-widget__width-initial elementor-widget elementor-widget-heading\" data-id=\"6a2ba18\" data-element_type=\"widget\" data-e-type=\"widget\" data-widget_type=\"heading.default\">\n\t\t\t\t<div class=\"elementor-widget-container\">\n\t\t\t\t\t<h2 class=\"elementor-heading-title elementor-size-default\">Enzo Lucio Ondei\n\n<\/h2>\t\t\t\t<\/div>\n\t\t\t\t<\/div>\n\t\t\t\t<div class=\"elementor-element elementor-element-c04a64e elementor-widget__width-initial elementor-widget elementor-widget-heading\" data-id=\"c04a64e\" data-element_type=\"widget\" data-e-type=\"widget\" data-widget_type=\"heading.default\">\n\t\t\t\t<div class=\"elementor-widget-container\">\n\t\t\t\t\t<h2 class=\"elementor-heading-title elementor-size-default\">Prefeitura de S\u00e3o Paulo \u2013 PMSP<\/h2>\t\t\t\t<\/div>\n\t\t\t\t<\/div>\n\t\t\t\t<div class=\"elementor-element elementor-element-bbc031e elementor-widget__width-initial elementor-widget elementor-widget-text-editor\" data-id=\"bbc031e\" data-element_type=\"widget\" data-e-type=\"widget\" data-widget_type=\"text-editor.default\">\n\t\t\t\t<div class=\"elementor-widget-container\">\n\t\t\t\t\t\t\t\t\t<p><strong>FORMA\u00c7\u00c3O<\/strong><br \/>\u2022 Direito (Mackenzie)<br \/>\u2022 Administra\u00e7\u00e3o de Empresas (Insper)<\/p><p><strong>EXPERI\u00caNCIA PROFISSIONAL<br \/><\/strong>Auditor-Fiscal Tribut\u00e1rio Municipal desde 2013, formado em Direito (Mackenzie) e Administra\u00e7\u00e3o de Empresas (Insper).<\/p><p>Experi\u00eancia de 10 anos como conselheiro fiscal titular nas empresas municipais SPParcerias, SpCine, SPTransportes, bem como na associa\u00e7\u00e3o AAFITSP\/SINDAFSP.<\/p><p>Atua\u00e7\u00e3o por 9 anos como diretor do Departamento de D\u00edvidas P\u00fablicas e Divis\u00e3o de Capta\u00e7\u00e3o de Recursos na Subsecretaria do Tesouro Municipal (Secretaria Municipal da Fazenda).<\/p>\t\t\t\t\t\t\t\t<\/div>\n\t\t\t\t<\/div>\n\t\t\t\t\t<\/div>\n\t\t<\/div>\n\t\t\t\t\t<\/div>\n\t\t<\/section>\n\t\t\t\t<section class=\"elementor-section elementor-top-section elementor-element elementor-element-a6cab2c elementor-section-boxed elementor-section-height-default elementor-section-height-default\" data-id=\"a6cab2c\" data-element_type=\"section\" data-e-type=\"section\" data-settings=\"{&quot;_ha_eqh_enable&quot;:false}\">\n\t\t\t\t\t\t<div class=\"elementor-container elementor-column-gap-default\">\n\t\t\t\t\t<div class=\"elementor-column elementor-col-33 elementor-top-column elementor-element elementor-element-cd0f251\" data-id=\"cd0f251\" data-element_type=\"column\" data-e-type=\"column\">\n\t\t\t<div class=\"elementor-widget-wrap elementor-element-populated\">\n\t\t\t\t\t\t<div class=\"elementor-element elementor-element-dcc3664 elementor-widget__width-initial elementor-widget elementor-widget-image\" data-id=\"dcc3664\" data-element_type=\"widget\" data-e-type=\"widget\" data-widget_type=\"image.default\">\n\t\t\t\t<div class=\"elementor-widget-container\">\n\t\t\t\t\t\t\t\t\t\t\t\t\t\t\t<img decoding=\"async\" width=\"320\" height=\"400\" src=\"https:\/\/comovotar.sindicato.com.br\/prevcom\/wp-content\/uploads\/sites\/134\/2026\/02\/CF_chapa02B_Eduardo_Wiegmann_Vieira.jpg\" class=\"attachment-full size-full wp-image-791\" alt=\"\" srcset=\"https:\/\/comovotar.sindicato.com.br\/prevcom\/wp-content\/uploads\/sites\/134\/2026\/02\/CF_chapa02B_Eduardo_Wiegmann_Vieira.jpg 320w, https:\/\/comovotar.sindicato.com.br\/prevcom\/wp-content\/uploads\/sites\/134\/2026\/02\/CF_chapa02B_Eduardo_Wiegmann_Vieira-240x300.jpg 240w\" sizes=\"(max-width: 320px) 100vw, 320px\" \/>\t\t\t\t\t\t\t\t\t\t\t\t\t\t\t<\/div>\n\t\t\t\t<\/div>\n\t\t\t\t\t<\/div>\n\t\t<\/div>\n\t\t\t\t<div class=\"elementor-column elementor-col-66 elementor-top-column elementor-element elementor-element-c0a7549\" data-id=\"c0a7549\" data-element_type=\"column\" data-e-type=\"column\">\n\t\t\t<div class=\"elementor-widget-wrap elementor-element-populated\">\n\t\t\t\t\t\t<div class=\"elementor-element elementor-element-3b157b2 elementor-widget__width-initial elementor-widget elementor-widget-heading\" data-id=\"3b157b2\" data-element_type=\"widget\" data-e-type=\"widget\" data-widget_type=\"heading.default\">\n\t\t\t\t<div class=\"elementor-widget-container\">\n\t\t\t\t\t<h2 class=\"elementor-heading-title elementor-size-default\">Candidato a <strong>SUPLENTE<\/strong><\/h2>\t\t\t\t<\/div>\n\t\t\t\t<\/div>\n\t\t\t\t<div class=\"elementor-element elementor-element-5ca1b62 elementor-widget__width-initial elementor-widget elementor-widget-heading\" data-id=\"5ca1b62\" data-element_type=\"widget\" data-e-type=\"widget\" data-widget_type=\"heading.default\">\n\t\t\t\t<div class=\"elementor-widget-container\">\n\t\t\t\t\t<h2 class=\"elementor-heading-title elementor-size-default\">Eduardo Wiegmann Vieira\n\n<\/h2>\t\t\t\t<\/div>\n\t\t\t\t<\/div>\n\t\t\t\t<div class=\"elementor-element elementor-element-6e1937d elementor-widget__width-initial elementor-widget elementor-widget-heading\" data-id=\"6e1937d\" data-element_type=\"widget\" data-e-type=\"widget\" data-widget_type=\"heading.default\">\n\t\t\t\t<div class=\"elementor-widget-container\">\n\t\t\t\t\t<h2 class=\"elementor-heading-title elementor-size-default\">Prefeitura de S\u00e3o Paulo \u2013 PMSP<\/h2>\t\t\t\t<\/div>\n\t\t\t\t<\/div>\n\t\t\t\t<div class=\"elementor-element elementor-element-9dadd32 elementor-widget__width-initial elementor-widget elementor-widget-text-editor\" data-id=\"9dadd32\" data-element_type=\"widget\" data-e-type=\"widget\" data-widget_type=\"text-editor.default\">\n\t\t\t\t<div class=\"elementor-widget-container\">\n\t\t\t\t\t\t\t\t\t<p><strong>FORMA\u00c7\u00c3O<\/strong><br \/>\u2022 Engenharia da Computa\u00e7\u00e3o (IME) <br \/><span data-ccp-props=\"{&quot;134245417&quot;:true,&quot;201341983&quot;:0,&quot;335551550&quot;:6,&quot;335551620&quot;:6,&quot;335559685&quot;:720,&quot;335559738&quot;:0,&quot;335559739&quot;:120,&quot;335559740&quot;:240,&quot;335559991&quot;:0}\">\u2022 Direito (USP)<\/span><\/p><p><strong>EXPERI\u00caNCIA PROFISSIONAL<\/strong> <br \/>Auditor-Fiscal Tribut\u00e1rio Municipal desde 2014. Servidor p\u00fablico desde 2004. Formado em<br \/>Engenharia da Computa\u00e7\u00e3o (IME) e Direito (USP).<\/p><p>Atua\u00e7\u00e3o h\u00e1 8 anos como diretor de divis\u00e3o (Divis\u00e3o de Seguran\u00e7a da Informa\u00e7\u00e3o) na Secretaria da Fazenda. <\/p>\t\t\t\t\t\t\t\t<\/div>\n\t\t\t\t<\/div>\n\t\t\t\t\t<\/div>\n\t\t<\/div>\n\t\t\t\t\t<\/div>\n\t\t<\/section>\n\t\t\t\t<section class=\"elementor-section elementor-top-section elementor-element elementor-element-ff9efd9 elementor-section-boxed elementor-section-height-default elementor-section-height-default\" data-id=\"ff9efd9\" data-element_type=\"section\" data-e-type=\"section\" data-settings=\"{&quot;_ha_eqh_enable&quot;:false}\">\n\t\t\t\t\t\t<div class=\"elementor-container elementor-column-gap-default\">\n\t\t\t\t\t<div class=\"elementor-column elementor-col-100 elementor-top-column elementor-element elementor-element-2a628e6\" data-id=\"2a628e6\" data-element_type=\"column\" data-e-type=\"column\">\n\t\t\t<div class=\"elementor-widget-wrap elementor-element-populated\">\n\t\t\t\t\t\t<div class=\"elementor-element elementor-element-0a27c7f elementor-widget__width-initial elementor-widget elementor-widget-heading\" data-id=\"0a27c7f\" data-element_type=\"widget\" data-e-type=\"widget\" data-widget_type=\"heading.default\">\n\t\t\t\t<div class=\"elementor-widget-container\">\n\t\t\t\t\t<h2 class=\"elementor-heading-title elementor-size-default\">Proposta de campanha<\/h2>\t\t\t\t<\/div>\n\t\t\t\t<\/div>\n\t\t\t\t\t<\/div>\n\t\t<\/div>\n\t\t\t\t\t<\/div>\n\t\t<\/section>\n\t\t\t\t<section class=\"elementor-section elementor-top-section elementor-element elementor-element-f02d4fe elementor-section-boxed elementor-section-height-default elementor-section-height-default\" data-id=\"f02d4fe\" data-element_type=\"section\" data-e-type=\"section\" data-settings=\"{&quot;background_background&quot;:&quot;classic&quot;,&quot;_ha_eqh_enable&quot;:false}\">\n\t\t\t\t\t\t<div class=\"elementor-container elementor-column-gap-default\">\n\t\t\t\t\t<div class=\"elementor-column elementor-col-100 elementor-top-column elementor-element elementor-element-2c90fe4\" data-id=\"2c90fe4\" data-element_type=\"column\" data-e-type=\"column\">\n\t\t\t<div class=\"elementor-widget-wrap elementor-element-populated\">\n\t\t\t\t\t\t<div class=\"elementor-element elementor-element-c7257af elementor-widget-divider--view-line elementor-widget elementor-widget-divider\" data-id=\"c7257af\" data-element_type=\"widget\" data-e-type=\"widget\" data-widget_type=\"divider.default\">\n\t\t\t\t<div class=\"elementor-widget-container\">\n\t\t\t\t\t\t\t<div class=\"elementor-divider\">\n\t\t\t<span class=\"elementor-divider-separator\">\n\t\t\t\t\t\t<\/span>\n\t\t<\/div>\n\t\t\t\t\t\t<\/div>\n\t\t\t\t<\/div>\n\t\t\t\t<div class=\"elementor-element elementor-element-d19a6bc elementor-widget__width-initial elementor-widget elementor-widget-text-editor\" data-id=\"d19a6bc\" data-element_type=\"widget\" data-e-type=\"widget\" data-widget_type=\"text-editor.default\">\n\t\t\t\t<div class=\"elementor-widget-container\">\n\t\t\t\t\t\t\t\t\t<p><span data-contrast=\"auto\">No Conselho Fiscal, nossa prioridade ser\u00e1 exercer uma fiscaliza\u00e7\u00e3o t\u00e9cnica, independente e\u00a0cont\u00ednua, fortalecendo a governan\u00e7a e a prote\u00e7\u00e3o do patrim\u00f4nio previdenci\u00e1rio dos participantes.<\/span><span data-ccp-props=\"{}\">\u00a0<\/span><\/p><p><span data-contrast=\"auto\">Acompanharemos de forma rigorosa a taxa de administra\u00e7\u00e3o, despesas, contratos e demais custos,\u00a0buscando efici\u00eancia para que o maior volume poss\u00edvel de recursos permane\u00e7a investido em benef\u00edcio\u00a0dos participantes.<\/span><span data-ccp-props=\"{}\">\u00a0<\/span><\/p><p><span data-contrast=\"auto\">Vamos exigir clareza e rastreabilidade das informa\u00e7\u00f5es financeiras e dos investimentos, com\u00a0relat\u00f3rios compreens\u00edveis sobre resultados, crit\u00e9rios de aloca\u00e7\u00e3o, riscos e desempenho, sem\u00a0\u201ceconom\u00eas\u201d.<\/span><span data-ccp-props=\"{}\">\u00a0<\/span><\/p><p><span data-contrast=\"auto\">Atuaremos para fortalecer controles internos, boas pr\u00e1ticas de governan\u00e7a, compliance e seguran\u00e7a\u00a0da informa\u00e7\u00e3o, garantindo confiabilidade nos dados utilizados para tomada de decis\u00e3o.<\/span><span data-ccp-props=\"{}\">\u00a0<\/span><\/p><p><span data-contrast=\"auto\">Tamb\u00e9m acompanharemos de perto a pol\u00edtica de investimentos, a gest\u00e3o de riscos e o cumprimento\u00a0de limites e diretrizes, sempre com vis\u00e3o de longo prazo, em articula\u00e7\u00e3o constante com o Conselho\u00a0Deliberativo e o Comit\u00ea de Investimentos, para assegurar alinhamento entre delibera\u00e7\u00e3o, execu\u00e7\u00e3o e\u00a0fiscaliza\u00e7\u00e3o.<\/span><span data-ccp-props=\"{}\">\u00a0<\/span><\/p><p><span data-contrast=\"auto\">Nosso compromisso \u00e9 representar os participantes com \u00e9tica, di\u00e1logo permanente e foco exclusivo\u00a0no interesse previdenci\u00e1rio, dando especial aten\u00e7\u00e3o aos munic\u00edpios e aos grupos com menor\u00a0representa\u00e7\u00e3o.<\/span><span data-ccp-props=\"{}\">\u00a0<\/span><\/p>\t\t\t\t\t\t\t\t<\/div>\n\t\t\t\t<\/div>\n\t\t\t\t\t<\/div>\n\t\t<\/div>\n\t\t\t\t\t<\/div>\n\t\t<\/section>\n\t\t\t\t<section class=\"elementor-section elementor-top-section elementor-element elementor-element-c889245 elementor-section-boxed elementor-section-height-default elementor-section-height-default\" data-id=\"c889245\" data-element_type=\"section\" data-e-type=\"section\" data-settings=\"{&quot;background_background&quot;:&quot;classic&quot;,&quot;_ha_eqh_enable&quot;:false}\">\n\t\t\t\t\t\t<div class=\"elementor-container elementor-column-gap-default\">\n\t\t\t\t\t<div class=\"elementor-column elementor-col-100 elementor-top-column elementor-element elementor-element-8f3176a\" data-id=\"8f3176a\" data-element_type=\"column\" data-e-type=\"column\">\n\t\t\t<div class=\"elementor-widget-wrap elementor-element-populated\">\n\t\t\t\t\t\t<div class=\"elementor-element elementor-element-a0e04a4 elementor-widget-divider--view-line elementor-widget elementor-widget-divider\" data-id=\"a0e04a4\" data-element_type=\"widget\" data-e-type=\"widget\" data-widget_type=\"divider.default\">\n\t\t\t\t<div class=\"elementor-widget-container\">\n\t\t\t\t\t\t\t<div class=\"elementor-divider\">\n\t\t\t<span class=\"elementor-divider-separator\">\n\t\t\t\t\t\t<\/span>\n\t\t<\/div>\n\t\t\t\t\t\t<\/div>\n\t\t\t\t<\/div>\n\t\t\t\t\t<\/div>\n\t\t<\/div>\n\t\t\t\t\t<\/div>\n\t\t<\/section>\n\t\t\t\t<\/div>\n\t\t","protected":false},"excerpt":{"rendered":"<p>&lt; Voltar Candidatos: Conselho fiscal CHAPA 2 Fiscaliza\u00e7\u00e3o t\u00e9cnica e independente, transpar\u00eancia clara, custos sob controle e prote\u00e7\u00e3o do patrim\u00f4nio dos participantes. Candidato a CONSELHEIRO Enzo Lucio Ondei Prefeitura de S\u00e3o Paulo \u2013 PMSP FORMA\u00c7\u00c3O\u2022 Direito (Mackenzie)\u2022 Administra\u00e7\u00e3o de Empresas (Insper) EXPERI\u00caNCIA PROFISSIONALAuditor-Fiscal Tribut\u00e1rio Municipal desde 2013, formado em Direito (Mackenzie) e Administra\u00e7\u00e3o de Empresas [&hellip;]<\/p>\n","protected":false},"author":4,"featured_media":0,"parent":0,"menu_order":0,"comment_status":"closed","ping_status":"closed","template":"","meta":{"footnotes":""},"class_list":["post-879","page","type-page","status-publish","hentry"],"_links":{"self":[{"href":"https:\/\/comovotar.sindicato.com.br\/prevcom\/wp-json\/wp\/v2\/pages\/879","targetHints":{"allow":["GET"]}}],"collection":[{"href":"https:\/\/comovotar.sindicato.com.br\/prevcom\/wp-json\/wp\/v2\/pages"}],"about":[{"href":"https:\/\/comovotar.sindicato.com.br\/prevcom\/wp-json\/wp\/v2\/types\/page"}],"author":[{"embeddable":true,"href":"https:\/\/comovotar.sindicato.com.br\/prevcom\/wp-json\/wp\/v2\/users\/4"}],"replies":[{"embeddable":true,"href":"https:\/\/comovotar.sindicato.com.br\/prevcom\/wp-json\/wp\/v2\/comments?post=879"}],"version-history":[{"count":29,"href":"https:\/\/comovotar.sindicato.com.br\/prevcom\/wp-json\/wp\/v2\/pages\/879\/revisions"}],"predecessor-version":[{"id":1383,"href":"https:\/\/comovotar.sindicato.com.br\/prevcom\/wp-json\/wp\/v2\/pages\/879\/revisions\/1383"}],"wp:attachment":[{"href":"https:\/\/comovotar.sindicato.com.br\/prevcom\/wp-json\/wp\/v2\/media?parent=879"}],"curies":[{"name":"wp","href":"https:\/\/api.w.org\/{rel}","templated":true}]}}