{"id":316,"date":"2026-02-01T20:04:30","date_gmt":"2026-02-01T20:04:30","guid":{"rendered":"https:\/\/comovotar.sindicato.com.br\/?page_id=316"},"modified":"2026-02-24T19:53:35","modified_gmt":"2026-02-24T19:53:35","slug":"chapa-10","status":"publish","type":"page","link":"https:\/\/comovotar.sindicato.com.br\/prevcom\/chapa-10\/","title":{"rendered":"Chapa 10"},"content":{"rendered":"\t\t<div data-elementor-type=\"wp-page\" data-elementor-id=\"316\" class=\"elementor elementor-316\" data-elementor-settings=\"{&quot;ha_cmc_init_switcher&quot;:&quot;no&quot;}\" data-elementor-post-type=\"page\">\n\t\t\t\t\t\t<section class=\"elementor-section elementor-top-section elementor-element elementor-element-0d1eb0b elementor-section-boxed elementor-section-height-default elementor-section-height-default\" data-id=\"0d1eb0b\" data-element_type=\"section\" data-e-type=\"section\" data-settings=\"{&quot;_ha_eqh_enable&quot;:false}\">\n\t\t\t\t\t\t<div class=\"elementor-container elementor-column-gap-default\">\n\t\t\t\t\t<div class=\"elementor-column elementor-col-100 elementor-top-column elementor-element elementor-element-a170139\" data-id=\"a170139\" data-element_type=\"column\" data-e-type=\"column\">\n\t\t\t<div class=\"elementor-widget-wrap elementor-element-populated\">\n\t\t\t\t\t\t<div class=\"elementor-element elementor-element-c11c9ab elementor-widget elementor-widget-text-editor\" data-id=\"c11c9ab\" data-element_type=\"widget\" data-e-type=\"widget\" data-widget_type=\"text-editor.default\">\n\t\t\t\t<div class=\"elementor-widget-container\">\n\t\t\t\t\t\t\t\t\t<p><a href=\"https:\/\/comovotar.sindicato.com.br\/prevcom\/#candidatosCD\" rel=\"noopener\"><span style=\"text-decoration: underline; color: #b2c229;\">&lt; Voltar<\/span><\/a><\/p>\t\t\t\t\t\t\t\t<\/div>\n\t\t\t\t<\/div>\n\t\t\t\t<div class=\"elementor-element elementor-element-b4737d1 elementor-widget__width-initial elementor-widget elementor-widget-heading\" data-id=\"b4737d1\" data-element_type=\"widget\" data-e-type=\"widget\" data-widget_type=\"heading.default\">\n\t\t\t\t<div class=\"elementor-widget-container\">\n\t\t\t\t\t<h2 class=\"elementor-heading-title elementor-size-default\">Candidatos: Conselho deliberativo<\/h2>\t\t\t\t<\/div>\n\t\t\t\t<\/div>\n\t\t\t\t<div class=\"elementor-element elementor-element-eb1393b elementor-widget__width-initial elementor-widget elementor-widget-heading\" data-id=\"eb1393b\" data-element_type=\"widget\" data-e-type=\"widget\" data-widget_type=\"heading.default\">\n\t\t\t\t<div class=\"elementor-widget-container\">\n\t\t\t\t\t<h2 class=\"elementor-heading-title elementor-size-default\">CHAPA 10<\/h2>\t\t\t\t<\/div>\n\t\t\t\t<\/div>\n\t\t\t\t<div class=\"elementor-element elementor-element-a363e70 elementor-widget__width-initial elementor-widget elementor-widget-heading\" data-id=\"a363e70\" data-element_type=\"widget\" data-e-type=\"widget\" data-widget_type=\"heading.default\">\n\t\t\t\t<div class=\"elementor-widget-container\">\n\t\t\t\t\t<h2 class=\"elementor-heading-title elementor-size-default\">Trabalho com responsabilidade e transpar\u00eancia para cuidar da previd\u00eancia e garantir o melhor dos interesses dos participantes da Prevcom. <\/h2>\t\t\t\t<\/div>\n\t\t\t\t<\/div>\n\t\t\t\t\t<\/div>\n\t\t<\/div>\n\t\t\t\t\t<\/div>\n\t\t<\/section>\n\t\t\t\t<section class=\"elementor-section elementor-top-section elementor-element elementor-element-bcb2de9 elementor-section-boxed elementor-section-height-default elementor-section-height-default\" data-id=\"bcb2de9\" data-element_type=\"section\" data-e-type=\"section\" data-settings=\"{&quot;_ha_eqh_enable&quot;:false}\">\n\t\t\t\t\t\t<div class=\"elementor-container elementor-column-gap-default\">\n\t\t\t\t\t<div class=\"elementor-column elementor-col-33 elementor-top-column elementor-element elementor-element-c6c30bf\" data-id=\"c6c30bf\" data-element_type=\"column\" data-e-type=\"column\">\n\t\t\t<div class=\"elementor-widget-wrap elementor-element-populated\">\n\t\t\t\t\t\t<div class=\"elementor-element elementor-element-a72e706 elementor-widget__width-initial elementor-widget elementor-widget-image\" data-id=\"a72e706\" data-element_type=\"widget\" data-e-type=\"widget\" data-widget_type=\"image.default\">\n\t\t\t\t<div class=\"elementor-widget-container\">\n\t\t\t\t\t\t\t\t\t\t\t\t\t\t\t<img fetchpriority=\"high\" decoding=\"async\" width=\"320\" height=\"400\" src=\"https:\/\/comovotar.sindicato.com.br\/prevcom\/wp-content\/uploads\/sites\/134\/2026\/02\/CD_chapa10A_Nubia_Morais_Sousa_Furtado.jpg\" class=\"attachment-full size-full wp-image-783\" alt=\"\" srcset=\"https:\/\/comovotar.sindicato.com.br\/prevcom\/wp-content\/uploads\/sites\/134\/2026\/02\/CD_chapa10A_Nubia_Morais_Sousa_Furtado.jpg 320w, https:\/\/comovotar.sindicato.com.br\/prevcom\/wp-content\/uploads\/sites\/134\/2026\/02\/CD_chapa10A_Nubia_Morais_Sousa_Furtado-240x300.jpg 240w\" sizes=\"(max-width: 320px) 100vw, 320px\" \/>\t\t\t\t\t\t\t\t\t\t\t\t\t\t\t<\/div>\n\t\t\t\t<\/div>\n\t\t\t\t\t<\/div>\n\t\t<\/div>\n\t\t\t\t<div class=\"elementor-column elementor-col-66 elementor-top-column elementor-element elementor-element-e4dd030\" data-id=\"e4dd030\" data-element_type=\"column\" data-e-type=\"column\">\n\t\t\t<div class=\"elementor-widget-wrap elementor-element-populated\">\n\t\t\t\t\t\t<div class=\"elementor-element elementor-element-0f5d3a9 elementor-widget__width-initial elementor-widget elementor-widget-heading\" data-id=\"0f5d3a9\" data-element_type=\"widget\" data-e-type=\"widget\" data-widget_type=\"heading.default\">\n\t\t\t\t<div class=\"elementor-widget-container\">\n\t\t\t\t\t<h2 class=\"elementor-heading-title elementor-size-default\">Candidato a <strong>CONSELHEIRO<\/strong><\/h2>\t\t\t\t<\/div>\n\t\t\t\t<\/div>\n\t\t\t\t<div class=\"elementor-element elementor-element-6a2ba18 elementor-widget__width-initial elementor-widget elementor-widget-heading\" data-id=\"6a2ba18\" data-element_type=\"widget\" data-e-type=\"widget\" data-widget_type=\"heading.default\">\n\t\t\t\t<div class=\"elementor-widget-container\">\n\t\t\t\t\t<h2 class=\"elementor-heading-title elementor-size-default\">Nubia Morais Sousa Furtado\n\n<\/h2>\t\t\t\t<\/div>\n\t\t\t\t<\/div>\n\t\t\t\t<div class=\"elementor-element elementor-element-c04a64e elementor-widget__width-initial elementor-widget elementor-widget-heading\" data-id=\"c04a64e\" data-element_type=\"widget\" data-e-type=\"widget\" data-widget_type=\"heading.default\">\n\t\t\t\t<div class=\"elementor-widget-container\">\n\t\t\t\t\t<h2 class=\"elementor-heading-title elementor-size-default\">Prefeitura Municipal de Itapevi\/SP\n\n<\/h2>\t\t\t\t<\/div>\n\t\t\t\t<\/div>\n\t\t\t\t<div class=\"elementor-element elementor-element-bbc031e elementor-widget__width-initial elementor-widget elementor-widget-text-editor\" data-id=\"bbc031e\" data-element_type=\"widget\" data-e-type=\"widget\" data-widget_type=\"text-editor.default\">\n\t\t\t\t<div class=\"elementor-widget-container\">\n\t\t\t\t\t\t\t\t\t<p><strong>FORMA\u00c7\u00c3O<\/strong><br \/>\u2022 <span class=\"TextRun SCXW28054896 BCX0\" lang=\"PT-BR\" xml:lang=\"PT-BR\" data-contrast=\"auto\"><span class=\"NormalTextRun SCXW28054896 BCX0\">Gradua\u00e7\u00e3o em Administra\u00e7\u00e3o Geral \u2013\u00a0<\/span><\/span><strong><span class=\"TextRun SCXW28054896 BCX0\" lang=\"PT-BR\" xml:lang=\"PT-BR\" data-contrast=\"auto\"><span class=\"NormalTextRun SCXW28054896 BCX0\">UNINOVE<\/span><\/span><\/strong><span class=\"TextRun SCXW28054896 BCX0\" lang=\"PT-BR\" xml:lang=\"PT-BR\" data-contrast=\"auto\"><span class=\"NormalTextRun SCXW28054896 BCX0\">\u00a0(2004\u20132007)<\/span><\/span><span class=\"EOP SCXW28054896 BCX0\" data-ccp-props=\"{&quot;201341983&quot;:0,&quot;335551550&quot;:6,&quot;335551620&quot;:6,&quot;335559685&quot;:284,&quot;335559739&quot;:120,&quot;335559740&quot;:360}\">\u00a0<br \/><br \/>\u2022 <span class=\"TextRun SCXW8764278 BCX0\" lang=\"PT-BR\" xml:lang=\"PT-BR\" data-contrast=\"auto\"><span class=\"NormalTextRun SCXW8764278 BCX0\">P\u00f3s-Gradua\u00e7\u00e3o em Gest\u00e3o de Pessoas \u2013\u00a0<\/span><\/span><strong><span class=\"TextRun SCXW8764278 BCX0\" lang=\"PT-BR\" xml:lang=\"PT-BR\" data-contrast=\"auto\"><span class=\"NormalTextRun SCXW8764278 BCX0\">UNIFEI\u00a0<\/span><\/span><\/strong><span class=\"TextRun SCXW8764278 BCX0\" lang=\"PT-BR\" xml:lang=\"PT-BR\" data-contrast=\"auto\"><span class=\"NormalTextRun SCXW8764278 BCX0\">(2024\u20132026)\u00a0<\/span><\/span><span class=\"TextRun SCXW8764278 BCX0\" lang=\"PT-BR\" xml:lang=\"PT-BR\" data-contrast=\"auto\"><span class=\"NormalTextRun SCXW8764278 BCX0\">(em andamento)<\/span><\/span><\/span><span data-ccp-props=\"{&quot;201341983&quot;:0,&quot;335559685&quot;:720,&quot;335559739&quot;:120,&quot;335559740&quot;:240}\"><br \/><br \/><strong><span class=\"TextRun SCXW250196380 BCX0\" lang=\"PT-BR\" xml:lang=\"PT-BR\" data-contrast=\"auto\"><span class=\"NormalTextRun SCXW250196380 BCX0\" data-ccp-parastyle=\"Se\u00e7\u00e3o\" data-ccp-parastyle-defn=\"{&quot;ObjectId&quot;:&quot;b5f42abe-1b2a-55bd-b3e5-81ec4d614a27|1&quot;,&quot;ClassId&quot;:1073872969,&quot;Properties&quot;:[469777842,&quot;Times New Roman&quot;,469777843,&quot;Times New Roman&quot;,335551500,&quot;7167831&quot;,335559705,&quot;1033&quot;,335559740,&quot;240&quot;,201341983,&quot;0&quot;,335559739,&quot;0&quot;,469777841,&quot;Century Schoolbook&quot;,469777844,&quot;Century Schoolbook&quot;,469769226,&quot;Century Schoolbook&quot;,469775450,&quot;Se\u00e7\u00e3o&quot;,201340122,&quot;2&quot;,134234082,&quot;true&quot;,134233614,&quot;true&quot;,469778129,&quot;Seo&quot;,335572020,&quot;2&quot;,201340374,&quot;2&quot;,134233111,&quot;true&quot;,335559738,&quot;200&quot;,134233279,&quot;true&quot;,469778324,&quot;Normal&quot;]}\">EXPERI\u00caNCIA PROFISSIONAL<\/span><\/span><span class=\"EOP SCXW250196380 BCX0\" data-ccp-props=\"{&quot;201341983&quot;:0,&quot;335559738&quot;:200,&quot;335559739&quot;:0,&quot;335559740&quot;:240}\">\u00a0<\/span><\/strong><br \/>\u2022 <span class=\"TextRun SCXW38782673 BCX0\" lang=\"PT-BR\" xml:lang=\"PT-BR\" data-contrast=\"auto\"><span class=\"NormalTextRun SCXW38782673 BCX0\">Chefe de Departamento I<\/span><\/span><span class=\"TextRun SCXW38782673 BCX0\" lang=\"PT-BR\" xml:lang=\"PT-BR\" data-contrast=\"auto\"><span class=\"NormalTextRun SCXW38782673 BCX0\">\u00a0\u2013 Departamento de Gest\u00e3o de Pessoas \/ Secretaria de Administra\u00e7\u00e3o \u2013<\/span><span class=\"NormalTextRun SCXW38782673 BCX0\">\u00a0<\/span><span class=\"NormalTextRun SCXW38782673 BCX0\">Prefeitura de Itapevi \u2013 2004 at\u00e9 o momento.<\/span><span class=\"NormalTextRun SCXW38782673 BCX0\">\u00a021 anos de experi\u00eancia na \u00e1rea p\u00fablica.\u00a0<\/span><span class=\"NormalTextRun SCXW38782673 BCX0\">Coordena\u00e7\u00e3o das atividades de gest\u00e3o de pessoas, incluindo planejamento, supervis\u00e3o e acompanhamento dos procedimentos relacionados \u00e0 vida funcional dos servidores; an\u00e1lise, instru\u00e7\u00e3o e acompanhamento de processos administrativos de pessoal; orienta\u00e7\u00e3o t\u00e9cnica \u00e0s unidades administrativas quanto \u00e0 aplica\u00e7\u00e3o da legisla\u00e7\u00e3o de pessoal; apoio \u00e0 Secretaria de Administra\u00e7\u00e3o na tomada de decis\u00f5es relacionadas \u00e0 gest\u00e3o de recursos humanos; articula\u00e7\u00e3o com demais secretarias e \u00f3rg\u00e3os municipais para padroniza\u00e7\u00e3o de rotinas e cumprimento das normas legais.<\/span><\/span><span class=\"EOP SCXW38782673 BCX0\" data-ccp-props=\"{&quot;201341983&quot;:0,&quot;335551550&quot;:6,&quot;335551620&quot;:6,&quot;335559685&quot;:284,&quot;335559739&quot;:120,&quot;335559740&quot;:360}\">\u00a0<\/span><\/span><\/p><p><span data-ccp-props=\"{&quot;201341983&quot;:0,&quot;335559685&quot;:720,&quot;335559739&quot;:120,&quot;335559740&quot;:240}\">\u2022 Membro suplente do Conselho Fiscal do ItapeviPrev e atua\u00e7\u00e3o em Conselhos Fiscais e Deliberativos na \u00e1rea previdenci\u00e1ria h\u00e1 aproximadamente 16 anos.<br \/><br \/>\u2022 Membro do Comit\u00ea de Investimentos \u2013 Prevcom \u2013 Representante do Munic\u00edpio de Itapevi \u2013 desde 2024.<br \/><\/span><\/p>\t\t\t\t\t\t\t\t<\/div>\n\t\t\t\t<\/div>\n\t\t\t\t\t<\/div>\n\t\t<\/div>\n\t\t\t\t\t<\/div>\n\t\t<\/section>\n\t\t\t\t<section class=\"elementor-section elementor-top-section elementor-element elementor-element-a6cab2c elementor-section-boxed elementor-section-height-default elementor-section-height-default\" data-id=\"a6cab2c\" data-element_type=\"section\" data-e-type=\"section\" data-settings=\"{&quot;_ha_eqh_enable&quot;:false}\">\n\t\t\t\t\t\t<div class=\"elementor-container elementor-column-gap-default\">\n\t\t\t\t\t<div class=\"elementor-column elementor-col-33 elementor-top-column elementor-element elementor-element-cd0f251\" data-id=\"cd0f251\" data-element_type=\"column\" data-e-type=\"column\">\n\t\t\t<div class=\"elementor-widget-wrap elementor-element-populated\">\n\t\t\t\t\t\t<div class=\"elementor-element elementor-element-dcc3664 elementor-widget__width-initial elementor-widget elementor-widget-image\" data-id=\"dcc3664\" data-element_type=\"widget\" data-e-type=\"widget\" data-widget_type=\"image.default\">\n\t\t\t\t<div class=\"elementor-widget-container\">\n\t\t\t\t\t\t\t\t\t\t\t\t\t\t\t<img decoding=\"async\" width=\"320\" height=\"400\" src=\"https:\/\/comovotar.sindicato.com.br\/prevcom\/wp-content\/uploads\/sites\/134\/2026\/02\/CD_chapa10B_Felipe_Marques_Correia_da_Silva.jpg\" class=\"attachment-full size-full wp-image-784\" alt=\"\" srcset=\"https:\/\/comovotar.sindicato.com.br\/prevcom\/wp-content\/uploads\/sites\/134\/2026\/02\/CD_chapa10B_Felipe_Marques_Correia_da_Silva.jpg 320w, https:\/\/comovotar.sindicato.com.br\/prevcom\/wp-content\/uploads\/sites\/134\/2026\/02\/CD_chapa10B_Felipe_Marques_Correia_da_Silva-240x300.jpg 240w\" sizes=\"(max-width: 320px) 100vw, 320px\" \/>\t\t\t\t\t\t\t\t\t\t\t\t\t\t\t<\/div>\n\t\t\t\t<\/div>\n\t\t\t\t\t<\/div>\n\t\t<\/div>\n\t\t\t\t<div class=\"elementor-column elementor-col-66 elementor-top-column elementor-element elementor-element-c0a7549\" data-id=\"c0a7549\" data-element_type=\"column\" data-e-type=\"column\">\n\t\t\t<div class=\"elementor-widget-wrap elementor-element-populated\">\n\t\t\t\t\t\t<div class=\"elementor-element elementor-element-3b157b2 elementor-widget__width-initial elementor-widget elementor-widget-heading\" data-id=\"3b157b2\" data-element_type=\"widget\" data-e-type=\"widget\" data-widget_type=\"heading.default\">\n\t\t\t\t<div class=\"elementor-widget-container\">\n\t\t\t\t\t<h2 class=\"elementor-heading-title elementor-size-default\">Candidato a <strong>SUPLENTE<\/strong><\/h2>\t\t\t\t<\/div>\n\t\t\t\t<\/div>\n\t\t\t\t<div class=\"elementor-element elementor-element-5ca1b62 elementor-widget__width-initial elementor-widget elementor-widget-heading\" data-id=\"5ca1b62\" data-element_type=\"widget\" data-e-type=\"widget\" data-widget_type=\"heading.default\">\n\t\t\t\t<div class=\"elementor-widget-container\">\n\t\t\t\t\t<h2 class=\"elementor-heading-title elementor-size-default\">Felipe Marques Correia da Silva\n\n<\/h2>\t\t\t\t<\/div>\n\t\t\t\t<\/div>\n\t\t\t\t<div class=\"elementor-element elementor-element-6e1937d elementor-widget__width-initial elementor-widget elementor-widget-heading\" data-id=\"6e1937d\" data-element_type=\"widget\" data-e-type=\"widget\" data-widget_type=\"heading.default\">\n\t\t\t\t<div class=\"elementor-widget-container\">\n\t\t\t\t\t<h2 class=\"elementor-heading-title elementor-size-default\">Prefeitura Municipal de Itapevi\/SP\n\n<\/h2>\t\t\t\t<\/div>\n\t\t\t\t<\/div>\n\t\t\t\t<div class=\"elementor-element elementor-element-9dadd32 elementor-widget__width-initial elementor-widget elementor-widget-text-editor\" data-id=\"9dadd32\" data-element_type=\"widget\" data-e-type=\"widget\" data-widget_type=\"text-editor.default\">\n\t\t\t\t<div class=\"elementor-widget-container\">\n\t\t\t\t\t\t\t\t\t<p><strong>FORMA\u00c7\u00c3O<\/strong><br \/>\u2022 <span data-contrast=\"auto\">Ensino Superior em Gest\u00e3o de Recursos Humanos | 02\/2013 \u2013 12\/2014;\u00a0 <\/span><span data-contrast=\"auto\">Universidade Nove de Julho.<\/span><span data-ccp-props=\"{&quot;201341983&quot;:0,&quot;335559685&quot;:720,&quot;335559739&quot;:120,&quot;335559740&quot;:240}\">\u00a0<br \/><br \/><strong><span class=\"TextRun SCXW250196380 BCX0\" lang=\"PT-BR\" xml:lang=\"PT-BR\" data-contrast=\"auto\"><span class=\"NormalTextRun SCXW250196380 BCX0\" data-ccp-parastyle=\"Se\u00e7\u00e3o\" data-ccp-parastyle-defn=\"{&quot;ObjectId&quot;:&quot;b5f42abe-1b2a-55bd-b3e5-81ec4d614a27|1&quot;,&quot;ClassId&quot;:1073872969,&quot;Properties&quot;:[469777842,&quot;Times New Roman&quot;,469777843,&quot;Times New Roman&quot;,335551500,&quot;7167831&quot;,335559705,&quot;1033&quot;,335559740,&quot;240&quot;,201341983,&quot;0&quot;,335559739,&quot;0&quot;,469777841,&quot;Century Schoolbook&quot;,469777844,&quot;Century Schoolbook&quot;,469769226,&quot;Century Schoolbook&quot;,469775450,&quot;Se\u00e7\u00e3o&quot;,201340122,&quot;2&quot;,134234082,&quot;true&quot;,134233614,&quot;true&quot;,469778129,&quot;Seo&quot;,335572020,&quot;2&quot;,201340374,&quot;2&quot;,134233111,&quot;true&quot;,335559738,&quot;200&quot;,134233279,&quot;true&quot;,469778324,&quot;Normal&quot;]}\">EXPERI\u00caNCIA PROFISSIONAL<\/span><\/span><span class=\"EOP SCXW250196380 BCX0\" data-ccp-props=\"{&quot;201341983&quot;:0,&quot;335559738&quot;:200,&quot;335559739&quot;:0,&quot;335559740&quot;:240}\">\u00a0<\/span><\/strong><br \/>\u2022 <\/span>TECNICO DO EXECUTIVO \u2013 GEST\u00c3O ADMINISTRATIVA | PREFEITURA MUNICIPAL DE ITAPEVI |\u00a0DEPARTAMENTO DE GEST\u00c3O DE PESSOAS 10\/2010 \u2013 09\/2025\u00a0<\/p><p><span data-contrast=\"auto\">Arquivo, Controle de Planilhas, Atendimento ao p\u00fablico, Folha de pagamento, Rescis\u00f5es, e-social, AUDESP fase III, F\u00e9rias, apontamento de controle de frequ\u00eancia, aux\u00edlio no setor de contrata\u00e7\u00f5es e conhecimento no sistema de pagamento CONAM.<\/span><span data-ccp-props=\"{&quot;201341983&quot;:0,&quot;335559685&quot;:1004,&quot;335559739&quot;:120,&quot;335559740&quot;:360}\">\u00a0<br \/><br \/><\/span><\/p><p><span data-ccp-props=\"{&quot;201341983&quot;:0,&quot;335559685&quot;:720,&quot;335559739&quot;:120,&quot;335559740&quot;:240}\">\u2022 <\/span>TECNICO DO EXECUTIVO \u2013 GEST\u00c3O ADMINISTRATIVA | PREFEITURA MUNICIPAL DE ITAPEVI |\u00a0ITAPEVIPREV (RPPS) 09\/2025 \u2013 ATUALMENTE<span data-ccp-props=\"{&quot;201341983&quot;:0,&quot;335559739&quot;:120,&quot;335559740&quot;:360}\">\u00a0<\/span><\/p><p><span data-contrast=\"auto\">Controle de Planilhas, Atendimento ao p\u00fablico, Simula\u00e7\u00f5es de Aposentadoria, C\u00e1lculo de aposentadorias.<\/span><span data-ccp-props=\"{&quot;201341983&quot;:0,&quot;335559685&quot;:1004,&quot;335559739&quot;:120,&quot;335559740&quot;:360}\">\u00a0<\/span><\/p><p>\u00a0<\/p><p><span data-ccp-props=\"{&quot;201341983&quot;:0,&quot;335559685&quot;:1004,&quot;335559739&quot;:120,&quot;335559740&quot;:360}\">\u00a0<\/span><\/p><p><span data-ccp-props=\"{&quot;201341983&quot;:0,&quot;335559685&quot;:720,&quot;335559739&quot;:120,&quot;335559740&quot;:240}\">\u00a0<\/span><\/p>\t\t\t\t\t\t\t\t<\/div>\n\t\t\t\t<\/div>\n\t\t\t\t\t<\/div>\n\t\t<\/div>\n\t\t\t\t\t<\/div>\n\t\t<\/section>\n\t\t\t\t<section class=\"elementor-section elementor-top-section elementor-element elementor-element-ff9efd9 elementor-section-boxed elementor-section-height-default elementor-section-height-default\" data-id=\"ff9efd9\" data-element_type=\"section\" data-e-type=\"section\" data-settings=\"{&quot;_ha_eqh_enable&quot;:false}\">\n\t\t\t\t\t\t<div class=\"elementor-container elementor-column-gap-default\">\n\t\t\t\t\t<div class=\"elementor-column elementor-col-100 elementor-top-column elementor-element elementor-element-2a628e6\" data-id=\"2a628e6\" data-element_type=\"column\" data-e-type=\"column\">\n\t\t\t<div class=\"elementor-widget-wrap elementor-element-populated\">\n\t\t\t\t\t\t<div class=\"elementor-element elementor-element-0a27c7f elementor-widget__width-initial elementor-widget elementor-widget-heading\" data-id=\"0a27c7f\" data-element_type=\"widget\" data-e-type=\"widget\" data-widget_type=\"heading.default\">\n\t\t\t\t<div class=\"elementor-widget-container\">\n\t\t\t\t\t<h2 class=\"elementor-heading-title elementor-size-default\">Proposta de campanha<\/h2>\t\t\t\t<\/div>\n\t\t\t\t<\/div>\n\t\t\t\t\t<\/div>\n\t\t<\/div>\n\t\t\t\t\t<\/div>\n\t\t<\/section>\n\t\t\t\t<section class=\"elementor-section elementor-top-section elementor-element elementor-element-f02d4fe elementor-section-boxed elementor-section-height-default elementor-section-height-default\" data-id=\"f02d4fe\" data-element_type=\"section\" data-e-type=\"section\" data-settings=\"{&quot;background_background&quot;:&quot;classic&quot;,&quot;_ha_eqh_enable&quot;:false}\">\n\t\t\t\t\t\t<div class=\"elementor-container elementor-column-gap-default\">\n\t\t\t\t\t<div class=\"elementor-column elementor-col-100 elementor-top-column elementor-element elementor-element-2c90fe4\" data-id=\"2c90fe4\" data-element_type=\"column\" data-e-type=\"column\">\n\t\t\t<div class=\"elementor-widget-wrap elementor-element-populated\">\n\t\t\t\t\t\t<div class=\"elementor-element elementor-element-c7257af elementor-widget-divider--view-line elementor-widget elementor-widget-divider\" data-id=\"c7257af\" data-element_type=\"widget\" data-e-type=\"widget\" data-widget_type=\"divider.default\">\n\t\t\t\t<div class=\"elementor-widget-container\">\n\t\t\t\t\t\t\t<div class=\"elementor-divider\">\n\t\t\t<span class=\"elementor-divider-separator\">\n\t\t\t\t\t\t<\/span>\n\t\t<\/div>\n\t\t\t\t\t\t<\/div>\n\t\t\t\t<\/div>\n\t\t\t\t<div class=\"elementor-element elementor-element-d19a6bc elementor-widget__width-initial elementor-widget elementor-widget-text-editor\" data-id=\"d19a6bc\" data-element_type=\"widget\" data-e-type=\"widget\" data-widget_type=\"text-editor.default\">\n\t\t\t\t<div class=\"elementor-widget-container\">\n\t\t\t\t\t\t\t\t\t<p><span data-contrast=\"auto\">Nossa candidatura ao Conselho Deliberativo da\u00a0Prevcom\u00a0\u00e9 guiada pelo compromisso com os participantes e assistidos, pela boa gest\u00e3o dos recursos e pela seguran\u00e7a dos benef\u00edcios no longo prazo. A previd\u00eancia complementar exige decis\u00f5es respons\u00e1veis, t\u00e9cnicas e sempre orientadas pelo interesse coletivo.<\/span><span data-ccp-props=\"{&quot;201341983&quot;:0,&quot;335551550&quot;:6,&quot;335551620&quot;:6,&quot;335559740&quot;:360}\">\u00a0<\/span><\/p><p><span data-contrast=\"auto\">Defendemos uma atua\u00e7\u00e3o transparente e cuidadosa no acompanhamento das decis\u00f5es estrat\u00e9gicas, das pol\u00edticas de investimento e da sustentabilidade dos planos, respeitando as normas e o equil\u00edbrio financeiro e atuarial. Nosso objetivo \u00e9 contribuir para escolhas seguras, respons\u00e1veis e bem fundamentadas.<\/span><span data-ccp-props=\"{&quot;201341983&quot;:0,&quot;335551550&quot;:6,&quot;335551620&quot;:6,&quot;335559740&quot;:360}\">\u00a0<\/span><\/p><p><b><span data-contrast=\"auto\">Transpar\u00eancia e clareza:<\/span><\/b><span data-contrast=\"auto\">\u00a0atuaremos para que as informa\u00e7\u00f5es e decis\u00f5es do Conselho sejam divulgadas de forma objetiva e compreens\u00edvel, fortalecendo a confian\u00e7a na gest\u00e3o da\u00a0Prevcom.<\/span><span data-ccp-props=\"{&quot;201341983&quot;:0,&quot;335551550&quot;:6,&quot;335551620&quot;:6,&quot;335559740&quot;:360}\">\u00a0<\/span><\/p><p><span data-contrast=\"auto\">Nossa atua\u00e7\u00e3o ser\u00e1 pautada pela \u00e9tica, responsabilidade e dedica\u00e7\u00e3o, buscando uma\u00a0Prevcom\u00a0s\u00f3lida, sustent\u00e1vel e comprometida com a prote\u00e7\u00e3o previdenci\u00e1ria de seus participantes.<\/span><span data-ccp-props=\"{&quot;201341983&quot;:0,&quot;335551550&quot;:6,&quot;335551620&quot;:6,&quot;335559740&quot;:360}\">\u00a0<\/span><\/p>\t\t\t\t\t\t\t\t<\/div>\n\t\t\t\t<\/div>\n\t\t\t\t\t<\/div>\n\t\t<\/div>\n\t\t\t\t\t<\/div>\n\t\t<\/section>\n\t\t\t\t<section class=\"elementor-section elementor-top-section elementor-element elementor-element-c889245 elementor-section-boxed elementor-section-height-default elementor-section-height-default\" data-id=\"c889245\" data-element_type=\"section\" data-e-type=\"section\" data-settings=\"{&quot;background_background&quot;:&quot;classic&quot;,&quot;_ha_eqh_enable&quot;:false}\">\n\t\t\t\t\t\t<div class=\"elementor-container elementor-column-gap-default\">\n\t\t\t\t\t<div class=\"elementor-column elementor-col-100 elementor-top-column elementor-element elementor-element-8f3176a\" data-id=\"8f3176a\" data-element_type=\"column\" data-e-type=\"column\">\n\t\t\t<div class=\"elementor-widget-wrap elementor-element-populated\">\n\t\t\t\t\t\t<div class=\"elementor-element elementor-element-a0e04a4 elementor-widget-divider--view-line elementor-widget elementor-widget-divider\" data-id=\"a0e04a4\" data-element_type=\"widget\" data-e-type=\"widget\" data-widget_type=\"divider.default\">\n\t\t\t\t<div class=\"elementor-widget-container\">\n\t\t\t\t\t\t\t<div class=\"elementor-divider\">\n\t\t\t<span class=\"elementor-divider-separator\">\n\t\t\t\t\t\t<\/span>\n\t\t<\/div>\n\t\t\t\t\t\t<\/div>\n\t\t\t\t<\/div>\n\t\t\t\t\t<\/div>\n\t\t<\/div>\n\t\t\t\t\t<\/div>\n\t\t<\/section>\n\t\t\t\t<\/div>\n\t\t","protected":false},"excerpt":{"rendered":"<p>&lt; Voltar Candidatos: Conselho deliberativo CHAPA 10 Trabalho com responsabilidade e transpar\u00eancia para cuidar da previd\u00eancia e garantir o melhor dos interesses dos participantes da Prevcom. Candidato a CONSELHEIRO Nubia Morais Sousa Furtado Prefeitura Municipal de Itapevi\/SP FORMA\u00c7\u00c3O\u2022 Gradua\u00e7\u00e3o em Administra\u00e7\u00e3o Geral \u2013\u00a0UNINOVE\u00a0(2004\u20132007)\u00a0 \u2022 P\u00f3s-Gradua\u00e7\u00e3o em Gest\u00e3o de Pessoas \u2013\u00a0UNIFEI\u00a0(2024\u20132026)\u00a0(em andamento) EXPERI\u00caNCIA PROFISSIONAL\u00a0\u2022 Chefe de [&hellip;]<\/p>\n","protected":false},"author":4,"featured_media":0,"parent":0,"menu_order":0,"comment_status":"closed","ping_status":"closed","template":"","meta":{"footnotes":""},"class_list":["post-316","page","type-page","status-publish","hentry"],"_links":{"self":[{"href":"https:\/\/comovotar.sindicato.com.br\/prevcom\/wp-json\/wp\/v2\/pages\/316","targetHints":{"allow":["GET"]}}],"collection":[{"href":"https:\/\/comovotar.sindicato.com.br\/prevcom\/wp-json\/wp\/v2\/pages"}],"about":[{"href":"https:\/\/comovotar.sindicato.com.br\/prevcom\/wp-json\/wp\/v2\/types\/page"}],"author":[{"embeddable":true,"href":"https:\/\/comovotar.sindicato.com.br\/prevcom\/wp-json\/wp\/v2\/users\/4"}],"replies":[{"embeddable":true,"href":"https:\/\/comovotar.sindicato.com.br\/prevcom\/wp-json\/wp\/v2\/comments?post=316"}],"version-history":[{"count":24,"href":"https:\/\/comovotar.sindicato.com.br\/prevcom\/wp-json\/wp\/v2\/pages\/316\/revisions"}],"predecessor-version":[{"id":1377,"href":"https:\/\/comovotar.sindicato.com.br\/prevcom\/wp-json\/wp\/v2\/pages\/316\/revisions\/1377"}],"wp:attachment":[{"href":"https:\/\/comovotar.sindicato.com.br\/prevcom\/wp-json\/wp\/v2\/media?parent=316"}],"curies":[{"name":"wp","href":"https:\/\/api.w.org\/{rel}","templated":true}]}}