{"id":296,"date":"2026-02-01T20:02:04","date_gmt":"2026-02-01T20:02:04","guid":{"rendered":"https:\/\/comovotar.sindicato.com.br\/?page_id=296"},"modified":"2026-02-24T18:57:26","modified_gmt":"2026-02-24T18:57:26","slug":"chapa-6","status":"publish","type":"page","link":"https:\/\/comovotar.sindicato.com.br\/prevcom\/chapa-6\/","title":{"rendered":"Chapa 6"},"content":{"rendered":"\t\t<div data-elementor-type=\"wp-page\" data-elementor-id=\"296\" class=\"elementor elementor-296\" data-elementor-settings=\"{&quot;ha_cmc_init_switcher&quot;:&quot;no&quot;}\" data-elementor-post-type=\"page\">\n\t\t\t\t\t\t<section class=\"elementor-section elementor-top-section elementor-element elementor-element-0d1eb0b elementor-section-boxed elementor-section-height-default elementor-section-height-default\" data-id=\"0d1eb0b\" data-element_type=\"section\" data-e-type=\"section\" data-settings=\"{&quot;_ha_eqh_enable&quot;:false}\">\n\t\t\t\t\t\t<div class=\"elementor-container elementor-column-gap-default\">\n\t\t\t\t\t<div class=\"elementor-column elementor-col-100 elementor-top-column elementor-element elementor-element-a170139\" data-id=\"a170139\" data-element_type=\"column\" data-e-type=\"column\">\n\t\t\t<div class=\"elementor-widget-wrap elementor-element-populated\">\n\t\t\t\t\t\t<div class=\"elementor-element elementor-element-c11c9ab elementor-widget elementor-widget-text-editor\" data-id=\"c11c9ab\" data-element_type=\"widget\" data-e-type=\"widget\" data-widget_type=\"text-editor.default\">\n\t\t\t\t<div class=\"elementor-widget-container\">\n\t\t\t\t\t\t\t\t\t<p><a href=\"https:\/\/comovotar.sindicato.com.br\/prevcom\/#candidatosCD\" rel=\"noopener\"><span style=\"text-decoration: underline; color: #b2c229;\">&lt; Voltar<\/span><\/a><\/p>\t\t\t\t\t\t\t\t<\/div>\n\t\t\t\t<\/div>\n\t\t\t\t<div class=\"elementor-element elementor-element-b4737d1 elementor-widget__width-initial elementor-widget elementor-widget-heading\" data-id=\"b4737d1\" data-element_type=\"widget\" data-e-type=\"widget\" data-widget_type=\"heading.default\">\n\t\t\t\t<div class=\"elementor-widget-container\">\n\t\t\t\t\t<h2 class=\"elementor-heading-title elementor-size-default\">Candidatos: Conselho deliberativo<\/h2>\t\t\t\t<\/div>\n\t\t\t\t<\/div>\n\t\t\t\t<div class=\"elementor-element elementor-element-eb1393b elementor-widget__width-initial elementor-widget elementor-widget-heading\" data-id=\"eb1393b\" data-element_type=\"widget\" data-e-type=\"widget\" data-widget_type=\"heading.default\">\n\t\t\t\t<div class=\"elementor-widget-container\">\n\t\t\t\t\t<h2 class=\"elementor-heading-title elementor-size-default\">CHAPA 6<\/h2>\t\t\t\t<\/div>\n\t\t\t\t<\/div>\n\t\t\t\t<div class=\"elementor-element elementor-element-a363e70 elementor-widget__width-initial elementor-widget elementor-widget-heading\" data-id=\"a363e70\" data-element_type=\"widget\" data-e-type=\"widget\" data-widget_type=\"heading.default\">\n\t\t\t\t<div class=\"elementor-widget-container\">\n\t\t\t\t\t<h2 class=\"elementor-heading-title elementor-size-default\">Seu amanh\u00e3 seguro \u00e9 o nosso maior compromisso. Gest\u00e3o respons\u00e1vel para o participante Prevcom. <\/h2>\t\t\t\t<\/div>\n\t\t\t\t<\/div>\n\t\t\t\t\t<\/div>\n\t\t<\/div>\n\t\t\t\t\t<\/div>\n\t\t<\/section>\n\t\t\t\t<section class=\"elementor-section elementor-top-section elementor-element elementor-element-bcb2de9 elementor-section-boxed elementor-section-height-default elementor-section-height-default\" data-id=\"bcb2de9\" data-element_type=\"section\" data-e-type=\"section\" data-settings=\"{&quot;_ha_eqh_enable&quot;:false}\">\n\t\t\t\t\t\t<div class=\"elementor-container elementor-column-gap-default\">\n\t\t\t\t\t<div class=\"elementor-column elementor-col-33 elementor-top-column elementor-element elementor-element-c6c30bf\" data-id=\"c6c30bf\" data-element_type=\"column\" data-e-type=\"column\">\n\t\t\t<div class=\"elementor-widget-wrap elementor-element-populated\">\n\t\t\t\t\t\t<div class=\"elementor-element elementor-element-a72e706 elementor-widget__width-initial elementor-widget elementor-widget-image\" data-id=\"a72e706\" data-element_type=\"widget\" data-e-type=\"widget\" data-widget_type=\"image.default\">\n\t\t\t\t<div class=\"elementor-widget-container\">\n\t\t\t\t\t\t\t\t\t\t\t\t\t\t\t<img fetchpriority=\"high\" decoding=\"async\" width=\"320\" height=\"400\" src=\"https:\/\/comovotar.sindicato.com.br\/prevcom\/wp-content\/uploads\/sites\/134\/2026\/02\/CD_chapa06A_Lourdes_Keico_Nagae_Takigami-1.jpg\" class=\"attachment-full size-full wp-image-772\" alt=\"\" srcset=\"https:\/\/comovotar.sindicato.com.br\/prevcom\/wp-content\/uploads\/sites\/134\/2026\/02\/CD_chapa06A_Lourdes_Keico_Nagae_Takigami-1.jpg 320w, https:\/\/comovotar.sindicato.com.br\/prevcom\/wp-content\/uploads\/sites\/134\/2026\/02\/CD_chapa06A_Lourdes_Keico_Nagae_Takigami-1-240x300.jpg 240w\" sizes=\"(max-width: 320px) 100vw, 320px\" \/>\t\t\t\t\t\t\t\t\t\t\t\t\t\t\t<\/div>\n\t\t\t\t<\/div>\n\t\t\t\t\t<\/div>\n\t\t<\/div>\n\t\t\t\t<div class=\"elementor-column elementor-col-66 elementor-top-column elementor-element elementor-element-e4dd030\" data-id=\"e4dd030\" data-element_type=\"column\" data-e-type=\"column\">\n\t\t\t<div class=\"elementor-widget-wrap elementor-element-populated\">\n\t\t\t\t\t\t<div class=\"elementor-element elementor-element-0f5d3a9 elementor-widget__width-initial elementor-widget elementor-widget-heading\" data-id=\"0f5d3a9\" data-element_type=\"widget\" data-e-type=\"widget\" data-widget_type=\"heading.default\">\n\t\t\t\t<div class=\"elementor-widget-container\">\n\t\t\t\t\t<h2 class=\"elementor-heading-title elementor-size-default\">Candidato a <strong>CONSELHEIRO<\/strong><\/h2>\t\t\t\t<\/div>\n\t\t\t\t<\/div>\n\t\t\t\t<div class=\"elementor-element elementor-element-6a2ba18 elementor-widget__width-initial elementor-widget elementor-widget-heading\" data-id=\"6a2ba18\" data-element_type=\"widget\" data-e-type=\"widget\" data-widget_type=\"heading.default\">\n\t\t\t\t<div class=\"elementor-widget-container\">\n\t\t\t\t\t<h2 class=\"elementor-heading-title elementor-size-default\">Lourdes Keico Nagae Takigami\n\n<\/h2>\t\t\t\t<\/div>\n\t\t\t\t<\/div>\n\t\t\t\t<div class=\"elementor-element elementor-element-c04a64e elementor-widget__width-initial elementor-widget elementor-widget-heading\" data-id=\"c04a64e\" data-element_type=\"widget\" data-e-type=\"widget\" data-widget_type=\"heading.default\">\n\t\t\t\t<div class=\"elementor-widget-container\">\n\t\t\t\t\t<h2 class=\"elementor-heading-title elementor-size-default\">Universidade de S\u00e3o Paulo \u2013 USP\n\n<\/h2>\t\t\t\t<\/div>\n\t\t\t\t<\/div>\n\t\t\t\t<div class=\"elementor-element elementor-element-bbc031e elementor-widget__width-initial elementor-widget elementor-widget-text-editor\" data-id=\"bbc031e\" data-element_type=\"widget\" data-e-type=\"widget\" data-widget_type=\"text-editor.default\">\n\t\t\t\t<div class=\"elementor-widget-container\">\n\t\t\t\t\t\t\t\t\t<p><strong><span class=\"TextRun SCXW10617554 BCX0\" lang=\"PT-BR\" xml:lang=\"PT-BR\" data-contrast=\"auto\"><span class=\"NormalTextRun SCXW10617554 BCX0\">EXPERI\u00caNCIA<\/span><\/span><span class=\"EOP SCXW10617554 BCX0\" data-ccp-props=\"{&quot;335559739&quot;:0}\">\u00a0<\/span><\/strong><\/p><p><b><span data-contrast=\"auto\">Per\u00edodo de 02\/02\/2012 at\u00e9 outubro\/2018<\/span><\/b><span data-ccp-props=\"{&quot;335559739&quot;:0}\">\u00a0<br \/><\/span><span data-contrast=\"auto\">Presta\u00e7\u00e3o de servi\u00e7os na Assist\u00eancia Administrativa<\/span><span data-ccp-props=\"{&quot;335559739&quot;:0}\">\u00a0<br \/><\/span><\/p><p><b><span data-contrast=\"auto\">Per\u00edodo de outubro\/2018 at\u00e9 a data atual<\/span><\/b><span data-ccp-props=\"{&quot;335559739&quot;:0}\">\u00a0<br \/><\/span><span data-contrast=\"auto\">Presta\u00e7\u00e3o de servi\u00e7os na divis\u00e3o financeira<\/span><span data-ccp-props=\"{&quot;335559739&quot;:0}\">\u00a0<br \/><\/span><\/p><p><b><span data-contrast=\"auto\">Cargo \u2013 Analista para assuntos administrativos<\/span><\/b><span data-ccp-props=\"{&quot;335559739&quot;:0}\">\u00a0<br \/><\/span><span data-contrast=\"auto\">Escola de Enfermagem da Universidade de S\u00e3o Paulo<\/span><span data-ccp-props=\"{&quot;335559739&quot;:0}\">\u00a0<br \/><\/span><\/p><p><strong>Atribui\u00e7\u00f5es\u00a0<br \/><\/strong><span data-contrast=\"auto\">Realizar estudos t\u00e9cnicos e an\u00e1lise com a finalidade de aumentar a efic\u00e1cia da Organiza\u00e7\u00e3o.<\/span><span data-ccp-props=\"{&quot;335559739&quot;:0}\">\u00a0<\/span><\/p><p><span data-contrast=\"auto\">Assegurar o cumprimento normal das rotinas de trabalhos dentro dos dispositivos legais e normas internas quanto a legisla\u00e7\u00e3o pertinente a sua \u00e1rea de atua\u00e7\u00e3o.<\/span><\/p><p>\u00a0<\/p><p><b>EDUCA\u00c7\u00c3O<\/b><\/p><p><b><span data-contrast=\"auto\">Ano 2001<\/span><\/b><span data-ccp-props=\"{&quot;335559739&quot;:0}\">\u00a0<br \/><\/span><span data-contrast=\"auto\">T\u00edtulo do curso, bacharel em Direito<\/span><\/p>\t\t\t\t\t\t\t\t<\/div>\n\t\t\t\t<\/div>\n\t\t\t\t\t<\/div>\n\t\t<\/div>\n\t\t\t\t\t<\/div>\n\t\t<\/section>\n\t\t\t\t<section class=\"elementor-section elementor-top-section elementor-element elementor-element-a6cab2c elementor-section-boxed elementor-section-height-default elementor-section-height-default\" data-id=\"a6cab2c\" data-element_type=\"section\" data-e-type=\"section\" data-settings=\"{&quot;_ha_eqh_enable&quot;:false}\">\n\t\t\t\t\t\t<div class=\"elementor-container elementor-column-gap-default\">\n\t\t\t\t\t<div class=\"elementor-column elementor-col-33 elementor-top-column elementor-element elementor-element-cd0f251\" data-id=\"cd0f251\" data-element_type=\"column\" data-e-type=\"column\">\n\t\t\t<div class=\"elementor-widget-wrap elementor-element-populated\">\n\t\t\t\t\t\t<div class=\"elementor-element elementor-element-dcc3664 elementor-widget__width-initial elementor-widget elementor-widget-image\" data-id=\"dcc3664\" data-element_type=\"widget\" data-e-type=\"widget\" data-widget_type=\"image.default\">\n\t\t\t\t<div class=\"elementor-widget-container\">\n\t\t\t\t\t\t\t\t\t\t\t\t\t\t\t<img decoding=\"async\" width=\"320\" height=\"400\" src=\"https:\/\/comovotar.sindicato.com.br\/prevcom\/wp-content\/uploads\/sites\/134\/2026\/02\/CD_chapa06B_Adriana_Machado_Goncalves.jpg\" class=\"attachment-full size-full wp-image-765\" alt=\"\" srcset=\"https:\/\/comovotar.sindicato.com.br\/prevcom\/wp-content\/uploads\/sites\/134\/2026\/02\/CD_chapa06B_Adriana_Machado_Goncalves.jpg 320w, https:\/\/comovotar.sindicato.com.br\/prevcom\/wp-content\/uploads\/sites\/134\/2026\/02\/CD_chapa06B_Adriana_Machado_Goncalves-240x300.jpg 240w\" sizes=\"(max-width: 320px) 100vw, 320px\" \/>\t\t\t\t\t\t\t\t\t\t\t\t\t\t\t<\/div>\n\t\t\t\t<\/div>\n\t\t\t\t\t<\/div>\n\t\t<\/div>\n\t\t\t\t<div class=\"elementor-column elementor-col-66 elementor-top-column elementor-element elementor-element-c0a7549\" data-id=\"c0a7549\" data-element_type=\"column\" data-e-type=\"column\">\n\t\t\t<div class=\"elementor-widget-wrap elementor-element-populated\">\n\t\t\t\t\t\t<div class=\"elementor-element elementor-element-3b157b2 elementor-widget__width-initial elementor-widget elementor-widget-heading\" data-id=\"3b157b2\" data-element_type=\"widget\" data-e-type=\"widget\" data-widget_type=\"heading.default\">\n\t\t\t\t<div class=\"elementor-widget-container\">\n\t\t\t\t\t<h2 class=\"elementor-heading-title elementor-size-default\">Candidato a <strong>SUPLENTE<\/strong><\/h2>\t\t\t\t<\/div>\n\t\t\t\t<\/div>\n\t\t\t\t<div class=\"elementor-element elementor-element-5ca1b62 elementor-widget__width-initial elementor-widget elementor-widget-heading\" data-id=\"5ca1b62\" data-element_type=\"widget\" data-e-type=\"widget\" data-widget_type=\"heading.default\">\n\t\t\t\t<div class=\"elementor-widget-container\">\n\t\t\t\t\t<h2 class=\"elementor-heading-title elementor-size-default\">Adriana Machado Goncalves\n\n<\/h2>\t\t\t\t<\/div>\n\t\t\t\t<\/div>\n\t\t\t\t<div class=\"elementor-element elementor-element-6e1937d elementor-widget__width-initial elementor-widget elementor-widget-heading\" data-id=\"6e1937d\" data-element_type=\"widget\" data-e-type=\"widget\" data-widget_type=\"heading.default\">\n\t\t\t\t<div class=\"elementor-widget-container\">\n\t\t\t\t\t<h2 class=\"elementor-heading-title elementor-size-default\">Universidade de S\u00e3o Paulo \u2013 USP\n\n<\/h2>\t\t\t\t<\/div>\n\t\t\t\t<\/div>\n\t\t\t\t<div class=\"elementor-element elementor-element-9dadd32 elementor-widget__width-initial elementor-widget elementor-widget-text-editor\" data-id=\"9dadd32\" data-element_type=\"widget\" data-e-type=\"widget\" data-widget_type=\"text-editor.default\">\n\t\t\t\t<div class=\"elementor-widget-container\">\n\t\t\t\t\t\t\t\t\t<p><strong><span class=\"TextRun SCXW10617554 BCX0\" lang=\"PT-BR\" xml:lang=\"PT-BR\" data-contrast=\"auto\"><span class=\"NormalTextRun SCXW10617554 BCX0\">EXPERI\u00caNCIA<\/span><\/span><span class=\"EOP SCXW10617554 BCX0\" data-ccp-props=\"{&quot;335559739&quot;:0}\">\u00a0<\/span><\/strong><\/p><p><b><span data-contrast=\"auto\">Per\u00edodo de\u00a010\/10\/2012\u00a0at\u00e9 o momento<\/span><\/b><span data-ccp-props=\"{&quot;335559739&quot;:0}\"><br \/><\/span><span data-contrast=\"auto\">Cargo \u2013 Contadora<\/span><span data-ccp-props=\"{&quot;335559739&quot;:0}\">\u00a0<br \/><\/span><span data-contrast=\"auto\">Chefe do servi\u00e7o de contabilidade \u2013 Escola de Enfermagem da Universidade de S\u00e3o Paulo\u00a0<\/span><span data-ccp-props=\"{&quot;335559739&quot;:0}\">\u00a0<\/span><\/p><p><strong>Atribui\u00e7\u00f5es<\/strong><span data-ccp-props=\"{&quot;335559739&quot;:0}\">\u00a0<br \/><\/span><span data-contrast=\"auto\">Administrar as atividades da \u00e1rea cont\u00e1bil, assegurando o cumprimento das exig\u00eancias legais e regulamentares da contabilidade na \u00e1rea p\u00fablica.<\/span><span data-ccp-props=\"{&quot;335559739&quot;:0}\">\u00a0<\/span><\/p><p><span data-contrast=\"auto\">Prestar apoio \u00e0s \u00e1reas de planejamento e tomada de decis\u00e3o sobre recursos f\u00edsicos e financeiros.<\/span><span data-ccp-props=\"{&quot;335559739&quot;:0}\">\u00a0<\/span><\/p><p>\u00a0<\/p><p><b>EDUCA\u00c7\u00c3O<\/b><\/p><p><b><span data-contrast=\"auto\">Ano 2010<\/span><\/b><span data-ccp-props=\"{&quot;335559739&quot;:0}\">\u00a0<br \/><\/span><span data-contrast=\"auto\">Bacharel em\u00a0Ci\u00eancias Cont\u00e1beis<\/span><span data-ccp-props=\"{&quot;335559739&quot;:0}\">\u00a0<\/span><\/p><p><b><span data-contrast=\"auto\">Ano 2014<\/span><\/b><span data-ccp-props=\"{&quot;335559739&quot;:0}\">\u00a0<br \/><\/span><span data-contrast=\"auto\">P\u00f3s-gradua\u00e7\u00e3o latu sensu em Direito Tribut\u00e1rio das Empresas<\/span><span data-ccp-props=\"{&quot;335559739&quot;:0}\">\u00a0<\/span><\/p><p><b><span data-contrast=\"auto\">Ano 2017<\/span><\/b><span data-ccp-props=\"{&quot;335559739&quot;:0}\">\u00a0<br \/><\/span><span data-contrast=\"auto\">Bacharel e Ci\u00eancias Econ\u00f4micas<\/span><\/p>\t\t\t\t\t\t\t\t<\/div>\n\t\t\t\t<\/div>\n\t\t\t\t\t<\/div>\n\t\t<\/div>\n\t\t\t\t\t<\/div>\n\t\t<\/section>\n\t\t\t\t<section class=\"elementor-section elementor-top-section elementor-element elementor-element-ff9efd9 elementor-section-boxed elementor-section-height-default elementor-section-height-default\" data-id=\"ff9efd9\" data-element_type=\"section\" data-e-type=\"section\" data-settings=\"{&quot;_ha_eqh_enable&quot;:false}\">\n\t\t\t\t\t\t<div class=\"elementor-container elementor-column-gap-default\">\n\t\t\t\t\t<div class=\"elementor-column elementor-col-100 elementor-top-column elementor-element elementor-element-2a628e6\" data-id=\"2a628e6\" data-element_type=\"column\" data-e-type=\"column\">\n\t\t\t<div class=\"elementor-widget-wrap elementor-element-populated\">\n\t\t\t\t\t\t<div class=\"elementor-element elementor-element-0a27c7f elementor-widget__width-initial elementor-widget elementor-widget-heading\" data-id=\"0a27c7f\" data-element_type=\"widget\" data-e-type=\"widget\" data-widget_type=\"heading.default\">\n\t\t\t\t<div class=\"elementor-widget-container\">\n\t\t\t\t\t<h2 class=\"elementor-heading-title elementor-size-default\">Proposta de campanha<\/h2>\t\t\t\t<\/div>\n\t\t\t\t<\/div>\n\t\t\t\t\t<\/div>\n\t\t<\/div>\n\t\t\t\t\t<\/div>\n\t\t<\/section>\n\t\t\t\t<section class=\"elementor-section elementor-top-section elementor-element elementor-element-f02d4fe elementor-section-boxed elementor-section-height-default elementor-section-height-default\" data-id=\"f02d4fe\" data-element_type=\"section\" data-e-type=\"section\" data-settings=\"{&quot;background_background&quot;:&quot;classic&quot;,&quot;_ha_eqh_enable&quot;:false}\">\n\t\t\t\t\t\t<div class=\"elementor-container elementor-column-gap-default\">\n\t\t\t\t\t<div class=\"elementor-column elementor-col-100 elementor-top-column elementor-element elementor-element-2c90fe4\" data-id=\"2c90fe4\" data-element_type=\"column\" data-e-type=\"column\">\n\t\t\t<div class=\"elementor-widget-wrap elementor-element-populated\">\n\t\t\t\t\t\t<div class=\"elementor-element elementor-element-c7257af elementor-widget-divider--view-line elementor-widget elementor-widget-divider\" data-id=\"c7257af\" data-element_type=\"widget\" data-e-type=\"widget\" data-widget_type=\"divider.default\">\n\t\t\t\t<div class=\"elementor-widget-container\">\n\t\t\t\t\t\t\t<div class=\"elementor-divider\">\n\t\t\t<span class=\"elementor-divider-separator\">\n\t\t\t\t\t\t<\/span>\n\t\t<\/div>\n\t\t\t\t\t\t<\/div>\n\t\t\t\t<\/div>\n\t\t\t\t<div class=\"elementor-element elementor-element-d19a6bc elementor-widget__width-initial elementor-widget elementor-widget-text-editor\" data-id=\"d19a6bc\" data-element_type=\"widget\" data-e-type=\"widget\" data-widget_type=\"text-editor.default\">\n\t\t\t\t<div class=\"elementor-widget-container\">\n\t\t\t\t\t\t\t\t\t<p><span class=\"TextRun SCXW4438909 BCX0\" lang=\"PT-BR\" xml:lang=\"PT-BR\" data-contrast=\"auto\"><span class=\"NormalTextRun SCXW4438909 BCX0\">Uma gest\u00e3o\u00a0<\/span><\/span><span class=\"TextRun SCXW4438909 BCX0\" lang=\"PT-BR\" xml:lang=\"PT-BR\" data-contrast=\"auto\"><span class=\"NormalTextRun SCXW4438909 BCX0\">transparente e eficiente<\/span><\/span><span class=\"TextRun SCXW4438909 BCX0\" lang=\"PT-BR\" xml:lang=\"PT-BR\" data-contrast=\"auto\"><span class=\"NormalTextRun SCXW4438909 BCX0\">\u00a0\u00e9 fundamental para melhorar a per<\/span><span class=\"NormalTextRun SCXW4438909 BCX0\">formance nas decis\u00f5es de investimento. A transpar\u00eancia permite que todos os colaboradores compartilhem informa\u00e7\u00f5es relevantes, o que fortalece a cultura organizacional e aumenta a confian\u00e7a entre os participantes. <br \/><br \/>Al\u00e9m disso, a gest\u00e3o transparente promove a comunica\u00e7\u00e3o eficaz, reduzindo a inseguran\u00e7a e aumentando o engajamento dos Participantes\/Assistidos e Patrocinadores, o que \u00e9 essencial para uma melhor performance na produtividade.<\/span><\/span><span class=\"EOP SCXW4438909 BCX0\" data-ccp-props=\"{&quot;335551550&quot;:6,&quot;335551620&quot;:6}\">\u00a0<\/span><\/p>\t\t\t\t\t\t\t\t<\/div>\n\t\t\t\t<\/div>\n\t\t\t\t\t<\/div>\n\t\t<\/div>\n\t\t\t\t\t<\/div>\n\t\t<\/section>\n\t\t\t\t<section class=\"elementor-section elementor-top-section elementor-element elementor-element-c889245 elementor-section-boxed elementor-section-height-default elementor-section-height-default\" data-id=\"c889245\" data-element_type=\"section\" data-e-type=\"section\" data-settings=\"{&quot;background_background&quot;:&quot;classic&quot;,&quot;_ha_eqh_enable&quot;:false}\">\n\t\t\t\t\t\t<div class=\"elementor-container elementor-column-gap-default\">\n\t\t\t\t\t<div class=\"elementor-column elementor-col-100 elementor-top-column elementor-element elementor-element-8f3176a\" data-id=\"8f3176a\" data-element_type=\"column\" data-e-type=\"column\">\n\t\t\t<div class=\"elementor-widget-wrap elementor-element-populated\">\n\t\t\t\t\t\t<div class=\"elementor-element elementor-element-a0e04a4 elementor-widget-divider--view-line elementor-widget elementor-widget-divider\" data-id=\"a0e04a4\" data-element_type=\"widget\" data-e-type=\"widget\" data-widget_type=\"divider.default\">\n\t\t\t\t<div class=\"elementor-widget-container\">\n\t\t\t\t\t\t\t<div class=\"elementor-divider\">\n\t\t\t<span class=\"elementor-divider-separator\">\n\t\t\t\t\t\t<\/span>\n\t\t<\/div>\n\t\t\t\t\t\t<\/div>\n\t\t\t\t<\/div>\n\t\t\t\t\t<\/div>\n\t\t<\/div>\n\t\t\t\t\t<\/div>\n\t\t<\/section>\n\t\t\t\t<\/div>\n\t\t","protected":false},"excerpt":{"rendered":"<p>&lt; Voltar Candidatos: Conselho deliberativo CHAPA 6 Seu amanh\u00e3 seguro \u00e9 o nosso maior compromisso. Gest\u00e3o respons\u00e1vel para o participante Prevcom. Candidato a CONSELHEIRO Lourdes Keico Nagae Takigami Universidade de S\u00e3o Paulo \u2013 USP EXPERI\u00caNCIA\u00a0 Per\u00edodo de 02\/02\/2012 at\u00e9 outubro\/2018\u00a0Presta\u00e7\u00e3o de servi\u00e7os na Assist\u00eancia Administrativa\u00a0 Per\u00edodo de outubro\/2018 at\u00e9 a data atual\u00a0Presta\u00e7\u00e3o de servi\u00e7os na [&hellip;]<\/p>\n","protected":false},"author":4,"featured_media":0,"parent":0,"menu_order":0,"comment_status":"closed","ping_status":"closed","template":"","meta":{"footnotes":""},"class_list":["post-296","page","type-page","status-publish","hentry"],"_links":{"self":[{"href":"https:\/\/comovotar.sindicato.com.br\/prevcom\/wp-json\/wp\/v2\/pages\/296","targetHints":{"allow":["GET"]}}],"collection":[{"href":"https:\/\/comovotar.sindicato.com.br\/prevcom\/wp-json\/wp\/v2\/pages"}],"about":[{"href":"https:\/\/comovotar.sindicato.com.br\/prevcom\/wp-json\/wp\/v2\/types\/page"}],"author":[{"embeddable":true,"href":"https:\/\/comovotar.sindicato.com.br\/prevcom\/wp-json\/wp\/v2\/users\/4"}],"replies":[{"embeddable":true,"href":"https:\/\/comovotar.sindicato.com.br\/prevcom\/wp-json\/wp\/v2\/comments?post=296"}],"version-history":[{"count":18,"href":"https:\/\/comovotar.sindicato.com.br\/prevcom\/wp-json\/wp\/v2\/pages\/296\/revisions"}],"predecessor-version":[{"id":1346,"href":"https:\/\/comovotar.sindicato.com.br\/prevcom\/wp-json\/wp\/v2\/pages\/296\/revisions\/1346"}],"wp:attachment":[{"href":"https:\/\/comovotar.sindicato.com.br\/prevcom\/wp-json\/wp\/v2\/media?parent=296"}],"curies":[{"name":"wp","href":"https:\/\/api.w.org\/{rel}","templated":true}]}}