{"id":267,"date":"2026-02-01T19:36:26","date_gmt":"2026-02-01T19:36:26","guid":{"rendered":"https:\/\/comovotar.sindicato.com.br\/?page_id=267"},"modified":"2026-02-24T18:52:10","modified_gmt":"2026-02-24T18:52:10","slug":"chapa-4","status":"publish","type":"page","link":"https:\/\/comovotar.sindicato.com.br\/prevcom\/chapa-4\/","title":{"rendered":"Chapa 4"},"content":{"rendered":"\t\t<div data-elementor-type=\"wp-page\" data-elementor-id=\"267\" class=\"elementor elementor-267\" data-elementor-settings=\"{&quot;ha_cmc_init_switcher&quot;:&quot;no&quot;}\" data-elementor-post-type=\"page\">\n\t\t\t\t\t\t<section class=\"elementor-section elementor-top-section elementor-element elementor-element-0d1eb0b elementor-section-boxed elementor-section-height-default elementor-section-height-default\" data-id=\"0d1eb0b\" data-element_type=\"section\" data-e-type=\"section\" data-settings=\"{&quot;_ha_eqh_enable&quot;:false}\">\n\t\t\t\t\t\t<div class=\"elementor-container elementor-column-gap-default\">\n\t\t\t\t\t<div class=\"elementor-column elementor-col-100 elementor-top-column elementor-element elementor-element-a170139\" data-id=\"a170139\" data-element_type=\"column\" data-e-type=\"column\">\n\t\t\t<div class=\"elementor-widget-wrap elementor-element-populated\">\n\t\t\t\t\t\t<div class=\"elementor-element elementor-element-c11c9ab elementor-widget elementor-widget-text-editor\" data-id=\"c11c9ab\" data-element_type=\"widget\" data-e-type=\"widget\" data-widget_type=\"text-editor.default\">\n\t\t\t\t<div class=\"elementor-widget-container\">\n\t\t\t\t\t\t\t\t\t<p><a href=\"https:\/\/comovotar.sindicato.com.br\/prevcom\/#candidatosCD\" rel=\"noopener\"><span style=\"text-decoration: underline; color: #b2c229;\">&lt; Voltar<\/span><\/a><\/p>\t\t\t\t\t\t\t\t<\/div>\n\t\t\t\t<\/div>\n\t\t\t\t<div class=\"elementor-element elementor-element-b4737d1 elementor-widget__width-initial elementor-widget elementor-widget-heading\" data-id=\"b4737d1\" data-element_type=\"widget\" data-e-type=\"widget\" data-widget_type=\"heading.default\">\n\t\t\t\t<div class=\"elementor-widget-container\">\n\t\t\t\t\t<h2 class=\"elementor-heading-title elementor-size-default\">Candidatos: Conselho deliberativo<\/h2>\t\t\t\t<\/div>\n\t\t\t\t<\/div>\n\t\t\t\t<div class=\"elementor-element elementor-element-eb1393b elementor-widget__width-initial elementor-widget elementor-widget-heading\" data-id=\"eb1393b\" data-element_type=\"widget\" data-e-type=\"widget\" data-widget_type=\"heading.default\">\n\t\t\t\t<div class=\"elementor-widget-container\">\n\t\t\t\t\t<h2 class=\"elementor-heading-title elementor-size-default\">CHAPA 4<\/h2>\t\t\t\t<\/div>\n\t\t\t\t<\/div>\n\t\t\t\t<div class=\"elementor-element elementor-element-a363e70 elementor-widget__width-initial elementor-widget elementor-widget-heading\" data-id=\"a363e70\" data-element_type=\"widget\" data-e-type=\"widget\" data-widget_type=\"heading.default\">\n\t\t\t\t<div class=\"elementor-widget-container\">\n\t\t\t\t\t<h2 class=\"elementor-heading-title elementor-size-default\">Experi\u00eancia em conselhos, forma\u00e7\u00e3o t\u00e9cnica e vis\u00e3o\nde 2 \u00f3rg\u00e3os (SEFAZ e USP) para realizar uma atua\u00e7\u00e3o focada\nna longevidade da Prevcom e na aten\u00e7\u00e3o ao participante.<\/h2>\t\t\t\t<\/div>\n\t\t\t\t<\/div>\n\t\t\t\t\t<\/div>\n\t\t<\/div>\n\t\t\t\t\t<\/div>\n\t\t<\/section>\n\t\t\t\t<section class=\"elementor-section elementor-top-section elementor-element elementor-element-bcb2de9 elementor-section-boxed elementor-section-height-default elementor-section-height-default\" data-id=\"bcb2de9\" data-element_type=\"section\" data-e-type=\"section\" data-settings=\"{&quot;_ha_eqh_enable&quot;:false}\">\n\t\t\t\t\t\t<div class=\"elementor-container elementor-column-gap-default\">\n\t\t\t\t\t<div class=\"elementor-column elementor-col-33 elementor-top-column elementor-element elementor-element-c6c30bf\" data-id=\"c6c30bf\" data-element_type=\"column\" data-e-type=\"column\">\n\t\t\t<div class=\"elementor-widget-wrap elementor-element-populated\">\n\t\t\t\t\t\t<div class=\"elementor-element elementor-element-a72e706 elementor-widget__width-initial elementor-widget elementor-widget-image\" data-id=\"a72e706\" data-element_type=\"widget\" data-e-type=\"widget\" data-widget_type=\"image.default\">\n\t\t\t\t<div class=\"elementor-widget-container\">\n\t\t\t\t\t\t\t\t\t\t\t\t\t\t\t<img fetchpriority=\"high\" decoding=\"async\" width=\"320\" height=\"400\" src=\"https:\/\/comovotar.sindicato.com.br\/prevcom\/wp-content\/uploads\/sites\/134\/2026\/02\/CD_chapa04A_Paulo_Rafael_Minetto_Maceta.jpg\" class=\"attachment-full size-full wp-image-760\" alt=\"\" srcset=\"https:\/\/comovotar.sindicato.com.br\/prevcom\/wp-content\/uploads\/sites\/134\/2026\/02\/CD_chapa04A_Paulo_Rafael_Minetto_Maceta.jpg 320w, https:\/\/comovotar.sindicato.com.br\/prevcom\/wp-content\/uploads\/sites\/134\/2026\/02\/CD_chapa04A_Paulo_Rafael_Minetto_Maceta-240x300.jpg 240w\" sizes=\"(max-width: 320px) 100vw, 320px\" \/>\t\t\t\t\t\t\t\t\t\t\t\t\t\t\t<\/div>\n\t\t\t\t<\/div>\n\t\t\t\t\t<\/div>\n\t\t<\/div>\n\t\t\t\t<div class=\"elementor-column elementor-col-66 elementor-top-column elementor-element elementor-element-e4dd030\" data-id=\"e4dd030\" data-element_type=\"column\" data-e-type=\"column\">\n\t\t\t<div class=\"elementor-widget-wrap elementor-element-populated\">\n\t\t\t\t\t\t<div class=\"elementor-element elementor-element-0f5d3a9 elementor-widget__width-initial elementor-widget elementor-widget-heading\" data-id=\"0f5d3a9\" data-element_type=\"widget\" data-e-type=\"widget\" data-widget_type=\"heading.default\">\n\t\t\t\t<div class=\"elementor-widget-container\">\n\t\t\t\t\t<h2 class=\"elementor-heading-title elementor-size-default\">Candidato a <strong>CONSELHEIRO<\/strong><\/h2>\t\t\t\t<\/div>\n\t\t\t\t<\/div>\n\t\t\t\t<div class=\"elementor-element elementor-element-6a2ba18 elementor-widget__width-initial elementor-widget elementor-widget-heading\" data-id=\"6a2ba18\" data-element_type=\"widget\" data-e-type=\"widget\" data-widget_type=\"heading.default\">\n\t\t\t\t<div class=\"elementor-widget-container\">\n\t\t\t\t\t<h2 class=\"elementor-heading-title elementor-size-default\">PAULO RAFAEL MINETTO MACETA<\/h2>\t\t\t\t<\/div>\n\t\t\t\t<\/div>\n\t\t\t\t<div class=\"elementor-element elementor-element-c04a64e elementor-widget__width-initial elementor-widget elementor-widget-heading\" data-id=\"c04a64e\" data-element_type=\"widget\" data-e-type=\"widget\" data-widget_type=\"heading.default\">\n\t\t\t\t<div class=\"elementor-widget-container\">\n\t\t\t\t\t<h2 class=\"elementor-heading-title elementor-size-default\">Auditor Fiscal da Receita Estadual<\/h2>\t\t\t\t<\/div>\n\t\t\t\t<\/div>\n\t\t\t\t<div class=\"elementor-element elementor-element-bbc031e elementor-widget__width-initial elementor-widget elementor-widget-text-editor\" data-id=\"bbc031e\" data-element_type=\"widget\" data-e-type=\"widget\" data-widget_type=\"text-editor.default\">\n\t\t\t\t<div class=\"elementor-widget-container\">\n\t\t\t\t\t\t\t\t\t<p><strong>FORMA\u00c7\u00c3O<\/strong><br \/>\u2022 Engenheiro Qu\u00edmico, Mestre (Gest\u00e3o de Portf\u00f3lio de Projetos no Setor P\u00fablico) e Doutor (Qualidade no Servico P\u00fablico) todos pela POLI USP.<br \/>\u2022 Especialista em Gest\u00e3o de Projetos e MBA em Gest\u00e3o de Neg\u00f3cios.<\/p>\t\t\t\t\t\t\t\t<\/div>\n\t\t\t\t<\/div>\n\t\t\t\t<div class=\"elementor-element elementor-element-5530ed2 elementor-widget__width-initial elementor-widget elementor-widget-text-editor\" data-id=\"5530ed2\" data-element_type=\"widget\" data-e-type=\"widget\" data-widget_type=\"text-editor.default\">\n\t\t\t\t<div class=\"elementor-widget-container\">\n\t\t\t\t\t\t\t\t\t<p><strong>EXPERI\u00caNCIA PROFISSIONAL<\/strong><br \/>Atua\u00e7\u00e3o em diversas empresas como Unilever, Eternit, ArcellorMital, Bombril e Grupo FIAT atuando no setor de controladoria e desenvolvimento de neg\u00f3cios.<\/p><p>Desde 2013 \u00e9 Auditor Fiscal da Receita Estadual do Estado de S\u00e3o Paulo j\u00e1 tendo atuado na Diretoria de Gest\u00e3o Estrat\u00e9gica e, atualmente, est\u00e1 lotado no Tribunal de Impostos e Taxas da SEFAZ SP, onde tamb\u00e9m atua como Juiz Servidor (atualmente no quarto mandato).\u00a0<\/p><p class=\"cvGsUA direction-ltr align-start para-style-body\">Foi eleito Conselheiro Fiscal da Prevcom na primeira composi\u00e7\u00e3o do colegiado, sendo o primeiro Presidente do Conselho Fiscal eleito. J\u00e1 atuou como Conselheiro Deliberativo por um mandato e, atualmente, \u00e9 Presidente do Conselho Fiscal da Prevcom.<\/p>\t\t\t\t\t\t\t\t<\/div>\n\t\t\t\t<\/div>\n\t\t\t\t\t<\/div>\n\t\t<\/div>\n\t\t\t\t\t<\/div>\n\t\t<\/section>\n\t\t\t\t<section class=\"elementor-section elementor-top-section elementor-element elementor-element-a6cab2c elementor-section-boxed elementor-section-height-default elementor-section-height-default\" data-id=\"a6cab2c\" data-element_type=\"section\" data-e-type=\"section\" data-settings=\"{&quot;_ha_eqh_enable&quot;:false}\">\n\t\t\t\t\t\t<div class=\"elementor-container elementor-column-gap-default\">\n\t\t\t\t\t<div class=\"elementor-column elementor-col-33 elementor-top-column elementor-element elementor-element-cd0f251\" data-id=\"cd0f251\" data-element_type=\"column\" data-e-type=\"column\">\n\t\t\t<div class=\"elementor-widget-wrap elementor-element-populated\">\n\t\t\t\t\t\t<div class=\"elementor-element elementor-element-dcc3664 elementor-widget__width-initial elementor-widget elementor-widget-image\" data-id=\"dcc3664\" data-element_type=\"widget\" data-e-type=\"widget\" data-widget_type=\"image.default\">\n\t\t\t\t<div class=\"elementor-widget-container\">\n\t\t\t\t\t\t\t\t\t\t\t\t\t\t\t<img decoding=\"async\" width=\"320\" height=\"400\" src=\"https:\/\/comovotar.sindicato.com.br\/prevcom\/wp-content\/uploads\/sites\/134\/2026\/02\/CD_chapa04B_Daniel_de_Souza_Coelho.jpg\" class=\"attachment-full size-full wp-image-761\" alt=\"\" srcset=\"https:\/\/comovotar.sindicato.com.br\/prevcom\/wp-content\/uploads\/sites\/134\/2026\/02\/CD_chapa04B_Daniel_de_Souza_Coelho.jpg 320w, https:\/\/comovotar.sindicato.com.br\/prevcom\/wp-content\/uploads\/sites\/134\/2026\/02\/CD_chapa04B_Daniel_de_Souza_Coelho-240x300.jpg 240w\" sizes=\"(max-width: 320px) 100vw, 320px\" \/>\t\t\t\t\t\t\t\t\t\t\t\t\t\t\t<\/div>\n\t\t\t\t<\/div>\n\t\t\t\t\t<\/div>\n\t\t<\/div>\n\t\t\t\t<div class=\"elementor-column elementor-col-66 elementor-top-column elementor-element elementor-element-c0a7549\" data-id=\"c0a7549\" data-element_type=\"column\" data-e-type=\"column\">\n\t\t\t<div class=\"elementor-widget-wrap elementor-element-populated\">\n\t\t\t\t\t\t<div class=\"elementor-element elementor-element-3b157b2 elementor-widget__width-initial elementor-widget elementor-widget-heading\" data-id=\"3b157b2\" data-element_type=\"widget\" data-e-type=\"widget\" data-widget_type=\"heading.default\">\n\t\t\t\t<div class=\"elementor-widget-container\">\n\t\t\t\t\t<h2 class=\"elementor-heading-title elementor-size-default\">Candidato a <strong>SUPLENTE<\/strong><\/h2>\t\t\t\t<\/div>\n\t\t\t\t<\/div>\n\t\t\t\t<div class=\"elementor-element elementor-element-5ca1b62 elementor-widget__width-initial elementor-widget elementor-widget-heading\" data-id=\"5ca1b62\" data-element_type=\"widget\" data-e-type=\"widget\" data-widget_type=\"heading.default\">\n\t\t\t\t<div class=\"elementor-widget-container\">\n\t\t\t\t\t<h2 class=\"elementor-heading-title elementor-size-default\">DANIEL DE SOUZA COELHO<\/h2>\t\t\t\t<\/div>\n\t\t\t\t<\/div>\n\t\t\t\t<div class=\"elementor-element elementor-element-6e1937d elementor-widget__width-initial elementor-widget elementor-widget-heading\" data-id=\"6e1937d\" data-element_type=\"widget\" data-e-type=\"widget\" data-widget_type=\"heading.default\">\n\t\t\t\t<div class=\"elementor-widget-container\">\n\t\t\t\t\t<h2 class=\"elementor-heading-title elementor-size-default\">Universidade de S\u00e3o Paulo - USP<\/h2>\t\t\t\t<\/div>\n\t\t\t\t<\/div>\n\t\t\t\t<div class=\"elementor-element elementor-element-9dadd32 elementor-widget__width-initial elementor-widget elementor-widget-text-editor\" data-id=\"9dadd32\" data-element_type=\"widget\" data-e-type=\"widget\" data-widget_type=\"text-editor.default\">\n\t\t\t\t<div class=\"elementor-widget-container\">\n\t\t\t\t\t\t\t\t\t<p><strong>FORMA\u00c7\u00c3O<\/strong><br \/>\u2022 <span class=\"a_GcMg font-feature-liga-off font-feature-clig-off font-feature-calt-off text-decoration-none text-strikethrough-none\">Economista, Mestre e Doutor em Economia todos pela FEA-USP.<\/span><br \/>\u2022 Forma\u00e7\u00e3o complementar em avalia\u00e7\u00e3o de pol\u00edticas p\u00fablicas, m\u00e9tricas de desempenho e desenvolvimento gerencial.<\/p>\t\t\t\t\t\t\t\t<\/div>\n\t\t\t\t<\/div>\n\t\t\t\t<div class=\"elementor-element elementor-element-a5572e5 elementor-widget__width-initial elementor-widget elementor-widget-text-editor\" data-id=\"a5572e5\" data-element_type=\"widget\" data-e-type=\"widget\" data-widget_type=\"text-editor.default\">\n\t\t\t\t<div class=\"elementor-widget-container\">\n\t\t\t\t\t\t\t\t\t<p><strong>EXPERI\u00caNCIA PROFISSIONAL<\/strong><br \/>Ingressou na USP em 2004 e possui mais de 20 anos de experi\u00eancia em finan\u00e7as p\u00fablicas, or\u00e7amento e an\u00e1lise econ\u00f4mica. Atuou por 15 anos na Universidade de S\u00e3o Paulo na \u00e1rea de or\u00e7amento e finan\u00e7as, assessorando a elabora\u00e7\u00e3o das diretrizes e propostas or\u00e7ament\u00e1rias, a previs\u00e3o e o acompanhamento de receitas e despesas, bem como a defini\u00e7\u00e3o e o monitoramento da pol\u00edtica de investimentos das reservas financeiras da Universidade.<br \/><br \/>Atualmente, atua no Escrit\u00f3rio de Desenvolvimento de Parcerias da USP, assessorando projetos estrat\u00e9gicos de grande porte, com destaque para o Projeto Museu do Ipiranga 2022 e a estrutura\u00e7\u00e3o do Programa de Bolsas USP Diversa.<br \/><br \/>Na PREVCOM, integrou o Comit\u00ea Gestor, respons\u00e1vel pela estrat\u00e9gia de investimentos, e exerceu mandato como Conselheiro Fiscal, com atua\u00e7\u00e3o voltada ao controle, \u00e0 transpar\u00eancia e ao fortalecimento da governan\u00e7a da Funda\u00e7\u00e3o.<\/p>\t\t\t\t\t\t\t\t<\/div>\n\t\t\t\t<\/div>\n\t\t\t\t\t<\/div>\n\t\t<\/div>\n\t\t\t\t\t<\/div>\n\t\t<\/section>\n\t\t\t\t<section class=\"elementor-section elementor-top-section elementor-element elementor-element-ff9efd9 elementor-section-boxed elementor-section-height-default elementor-section-height-default\" data-id=\"ff9efd9\" data-element_type=\"section\" data-e-type=\"section\" data-settings=\"{&quot;_ha_eqh_enable&quot;:false}\">\n\t\t\t\t\t\t<div class=\"elementor-container elementor-column-gap-default\">\n\t\t\t\t\t<div class=\"elementor-column elementor-col-100 elementor-top-column elementor-element elementor-element-2a628e6\" data-id=\"2a628e6\" data-element_type=\"column\" data-e-type=\"column\">\n\t\t\t<div class=\"elementor-widget-wrap elementor-element-populated\">\n\t\t\t\t\t\t<div class=\"elementor-element elementor-element-0a27c7f elementor-widget__width-initial elementor-widget elementor-widget-heading\" data-id=\"0a27c7f\" data-element_type=\"widget\" data-e-type=\"widget\" data-widget_type=\"heading.default\">\n\t\t\t\t<div class=\"elementor-widget-container\">\n\t\t\t\t\t<h2 class=\"elementor-heading-title elementor-size-default\">Proposta de campanha<\/h2>\t\t\t\t<\/div>\n\t\t\t\t<\/div>\n\t\t\t\t\t<\/div>\n\t\t<\/div>\n\t\t\t\t\t<\/div>\n\t\t<\/section>\n\t\t\t\t<section class=\"elementor-section elementor-top-section elementor-element elementor-element-f02d4fe elementor-section-boxed elementor-section-height-default elementor-section-height-default\" data-id=\"f02d4fe\" data-element_type=\"section\" data-e-type=\"section\" data-settings=\"{&quot;background_background&quot;:&quot;classic&quot;,&quot;_ha_eqh_enable&quot;:false}\">\n\t\t\t\t\t\t<div class=\"elementor-container elementor-column-gap-default\">\n\t\t\t\t\t<div class=\"elementor-column elementor-col-100 elementor-top-column elementor-element elementor-element-2c90fe4\" data-id=\"2c90fe4\" data-element_type=\"column\" data-e-type=\"column\">\n\t\t\t<div class=\"elementor-widget-wrap elementor-element-populated\">\n\t\t\t\t\t\t<div class=\"elementor-element elementor-element-c7257af elementor-widget-divider--view-line elementor-widget elementor-widget-divider\" data-id=\"c7257af\" data-element_type=\"widget\" data-e-type=\"widget\" data-widget_type=\"divider.default\">\n\t\t\t\t<div class=\"elementor-widget-container\">\n\t\t\t\t\t\t\t<div class=\"elementor-divider\">\n\t\t\t<span class=\"elementor-divider-separator\">\n\t\t\t\t\t\t<\/span>\n\t\t<\/div>\n\t\t\t\t\t\t<\/div>\n\t\t\t\t<\/div>\n\t\t\t\t<div class=\"elementor-element elementor-element-d19a6bc elementor-widget__width-initial elementor-widget elementor-widget-text-editor\" data-id=\"d19a6bc\" data-element_type=\"widget\" data-e-type=\"widget\" data-widget_type=\"text-editor.default\">\n\t\t\t\t<div class=\"elementor-widget-container\">\n\t\t\t\t\t\t\t\t\t<p><span data-contrast=\"auto\">A\u00a0Prevcom\u00a0SP \u00e9 uma institui\u00e7\u00e3o estrat\u00e9gica para garantir aposentadorias s\u00f3lidas e sustent\u00e1veis aos servidores p\u00fablicos participantes. Sua solidez, credibilidade e sustentabilidade dependem diretamente de uma governan\u00e7a respons\u00e1vel, t\u00e9cnica e comprometida com o interesse coletivo dos participantes. \u00c9 com esse prop\u00f3sito que Paulo Maceta e Daniel Coelho colocam seus nomes \u00e0 disposi\u00e7\u00e3o para o Conselho Deliberativo da\u00a0Prevcom\u00a0SP.<\/span><span data-ccp-props=\"{&quot;134233117&quot;:true,&quot;134233118&quot;:true,&quot;201341983&quot;:0,&quot;335559740&quot;:240}\">\u00a0<\/span><\/p><p><span data-contrast=\"auto\">Ambos trazem uma trajet\u00f3ria marcada pela participa\u00e7\u00e3o ativa nos Conselhos Fiscal e Deliberativo da pr\u00f3pria\u00a0Prevcom, o que lhes confere profundo conhecimento sobre o funcionamento da funda\u00e7\u00e3o, seus desafios atuais e as decis\u00f5es estrat\u00e9gicas necess\u00e1rias para garantir sua perenidade. N\u00e3o se trata de um aprendizado te\u00f3rico, mas de viv\u00eancia pr\u00e1tica, constru\u00edda ao longo do tempo, com responsabilidade e dedica\u00e7\u00e3o.<\/span><span data-ccp-props=\"{&quot;134233117&quot;:true,&quot;134233118&quot;:true,&quot;201341983&quot;:0,&quot;335559740&quot;:240}\">\u00a0<\/span><\/p><p><span data-contrast=\"auto\">A composi\u00e7\u00e3o da dupla reflete, tamb\u00e9m, uma vis\u00e3o ampla e equilibrada da funda\u00e7\u00e3o. Paulo Maceta, servidor da Secretaria da Fazenda, e Daniel Coelho, da Universidade de S\u00e3o Paulo, representam realidades distintas do servi\u00e7o p\u00fablico. Essa diversidade permite uma leitura mais completa das necessidades dos participantes, evitando uma atua\u00e7\u00e3o limitada a interesses de um \u00fanico \u00f3rg\u00e3o e fortalecendo decis\u00f5es que considerem o conjunto dos perfis que integram a\u00a0Prevcom, independentemente do ente de origem.<\/span><span data-ccp-props=\"{&quot;134233117&quot;:true,&quot;134233118&quot;:true,&quot;201341983&quot;:0,&quot;335559740&quot;:240}\">\u00a0<\/span><\/p><p><span data-contrast=\"auto\">A atua\u00e7\u00e3o de ambos sempre foi pautada pela defesa intransigente dos interesses dos participantes, com foco na sustentabilidade financeira e atuarial da funda\u00e7\u00e3o. Na convic\u00e7\u00e3o que benef\u00edcios previdenci\u00e1rios s\u00f3lidos no futuro dependem de decis\u00f5es respons\u00e1veis no presente, baseadas em dados, an\u00e1lises t\u00e9cnicas e vis\u00e3o de longo prazo. Sustentabilidade, para Paulo e Daniel, n\u00e3o \u00e9 discurso: \u00e9 crit\u00e9rio permanente de decis\u00e3o.<\/span><span data-ccp-props=\"{&quot;134233117&quot;:true,&quot;134233118&quot;:true,&quot;201341983&quot;:0,&quot;335559740&quot;:240}\">\u00a0<\/span><\/p><p><span data-contrast=\"auto\">Outro diferencial importante \u00e9 o conhecimento t\u00e9cnico que ambos levam para o Conselho, ambos Doutores pela USP. Essa bagagem permite contribui\u00e7\u00f5es qualificadas nos debates, maior capacidade de avalia\u00e7\u00e3o das propostas apresentadas e uma atua\u00e7\u00e3o independente, livre de press\u00f5es pol\u00edticas ou corporativas. A independ\u00eancia na tomada de decis\u00f5es \u00e9 vista como um valor essencial para garantir que o Conselho Deliberativo cumpra seu papel de forma \u00e9tica, equilibrada e alinhada ao interesse coletivo.<\/span><span data-ccp-props=\"{&quot;134233117&quot;:true,&quot;134233118&quot;:true,&quot;201341983&quot;:0,&quot;335559740&quot;:240}\">\u00a0<\/span><\/p><p><span data-contrast=\"auto\">Transpar\u00eancia e proximidade com o participante tamb\u00e9m s\u00e3o compromissos centrais da candidatura. Paulo Maceta e Daniel Coelho acreditam que uma funda\u00e7\u00e3o forte se constr\u00f3i com di\u00e1logo aberto, escuta ativa e presta\u00e7\u00e3o de contas clara. Estar acess\u00edvel para ouvir sugest\u00f5es, esclarecer d\u00favidas e auxiliar na solu\u00e7\u00e3o de problemas \u00e9 parte fundamental da fun\u00e7\u00e3o de conselheiro \u2014 e n\u00e3o um gesto eventual, especialmente no apoio aos novos participantes, que precisam de informa\u00e7\u00e3o clara para tomar decis\u00f5es previdenci\u00e1rias conscientes.<\/span><span data-ccp-props=\"{&quot;134233117&quot;:true,&quot;134233118&quot;:true,&quot;201341983&quot;:0,&quot;335559740&quot;:240}\">\u00a0<\/span><\/p><p><span data-contrast=\"auto\">Mais do que uma candidatura, esta \u00e9 uma proposta respons\u00e1vel de evolu\u00e7\u00e3o institucional e fortalecimento da\u00a0Prevcom. Uma atua\u00e7\u00e3o t\u00e9cnica, plural, independente e pr\u00f3xima de quem realmente importa: os participantes.<\/span><span data-ccp-props=\"{&quot;134233117&quot;:true,&quot;134233118&quot;:true,&quot;201341983&quot;:0,&quot;335559740&quot;:240}\">\u00a0<\/span><\/p><p><span data-contrast=\"auto\">Paulo Maceta e Daniel Coelho colocam sua experi\u00eancia, conhecimento e compromisso a servi\u00e7o de uma\u00a0Prevcom\u00a0cada vez mais s\u00f3lida, transparente e sustent\u00e1vel, a servi\u00e7o de todos os seus participantes.<\/span><span data-ccp-props=\"{&quot;134233117&quot;:true,&quot;134233118&quot;:true,&quot;201341983&quot;:0,&quot;335559740&quot;:240}\">\u00a0<\/span><\/p>\t\t\t\t\t\t\t\t<\/div>\n\t\t\t\t<\/div>\n\t\t\t\t\t<\/div>\n\t\t<\/div>\n\t\t\t\t\t<\/div>\n\t\t<\/section>\n\t\t\t\t<section class=\"elementor-section elementor-top-section elementor-element elementor-element-c889245 elementor-section-boxed elementor-section-height-default elementor-section-height-default\" data-id=\"c889245\" data-element_type=\"section\" data-e-type=\"section\" data-settings=\"{&quot;background_background&quot;:&quot;classic&quot;,&quot;_ha_eqh_enable&quot;:false}\">\n\t\t\t\t\t\t<div class=\"elementor-container elementor-column-gap-default\">\n\t\t\t\t\t<div class=\"elementor-column elementor-col-100 elementor-top-column elementor-element elementor-element-8f3176a\" data-id=\"8f3176a\" data-element_type=\"column\" data-e-type=\"column\">\n\t\t\t<div class=\"elementor-widget-wrap elementor-element-populated\">\n\t\t\t\t\t\t<div class=\"elementor-element elementor-element-a0e04a4 elementor-widget-divider--view-line elementor-widget elementor-widget-divider\" data-id=\"a0e04a4\" data-element_type=\"widget\" data-e-type=\"widget\" data-widget_type=\"divider.default\">\n\t\t\t\t<div class=\"elementor-widget-container\">\n\t\t\t\t\t\t\t<div class=\"elementor-divider\">\n\t\t\t<span class=\"elementor-divider-separator\">\n\t\t\t\t\t\t<\/span>\n\t\t<\/div>\n\t\t\t\t\t\t<\/div>\n\t\t\t\t<\/div>\n\t\t\t\t\t<\/div>\n\t\t<\/div>\n\t\t\t\t\t<\/div>\n\t\t<\/section>\n\t\t\t\t<\/div>\n\t\t","protected":false},"excerpt":{"rendered":"<p>&lt; Voltar Candidatos: Conselho deliberativo CHAPA 4 Experi\u00eancia em conselhos, forma\u00e7\u00e3o t\u00e9cnica e vis\u00e3o de 2 \u00f3rg\u00e3os (SEFAZ e USP) para realizar uma atua\u00e7\u00e3o focada na longevidade da Prevcom e na aten\u00e7\u00e3o ao participante. Candidato a CONSELHEIRO PAULO RAFAEL MINETTO MACETA Auditor Fiscal da Receita Estadual FORMA\u00c7\u00c3O\u2022 Engenheiro Qu\u00edmico, Mestre (Gest\u00e3o de Portf\u00f3lio de Projetos [&hellip;]<\/p>\n","protected":false},"author":4,"featured_media":0,"parent":0,"menu_order":0,"comment_status":"closed","ping_status":"closed","template":"","meta":{"footnotes":""},"class_list":["post-267","page","type-page","status-publish","hentry"],"_links":{"self":[{"href":"https:\/\/comovotar.sindicato.com.br\/prevcom\/wp-json\/wp\/v2\/pages\/267","targetHints":{"allow":["GET"]}}],"collection":[{"href":"https:\/\/comovotar.sindicato.com.br\/prevcom\/wp-json\/wp\/v2\/pages"}],"about":[{"href":"https:\/\/comovotar.sindicato.com.br\/prevcom\/wp-json\/wp\/v2\/types\/page"}],"author":[{"embeddable":true,"href":"https:\/\/comovotar.sindicato.com.br\/prevcom\/wp-json\/wp\/v2\/users\/4"}],"replies":[{"embeddable":true,"href":"https:\/\/comovotar.sindicato.com.br\/prevcom\/wp-json\/wp\/v2\/comments?post=267"}],"version-history":[{"count":33,"href":"https:\/\/comovotar.sindicato.com.br\/prevcom\/wp-json\/wp\/v2\/pages\/267\/revisions"}],"predecessor-version":[{"id":1331,"href":"https:\/\/comovotar.sindicato.com.br\/prevcom\/wp-json\/wp\/v2\/pages\/267\/revisions\/1331"}],"wp:attachment":[{"href":"https:\/\/comovotar.sindicato.com.br\/prevcom\/wp-json\/wp\/v2\/media?parent=267"}],"curies":[{"name":"wp","href":"https:\/\/api.w.org\/{rel}","templated":true}]}}