{"id":247,"date":"2026-02-01T19:27:35","date_gmt":"2026-02-01T19:27:35","guid":{"rendered":"https:\/\/comovotar.sindicato.com.br\/?page_id=247"},"modified":"2026-02-24T18:48:13","modified_gmt":"2026-02-24T18:48:13","slug":"chapa-2","status":"publish","type":"page","link":"https:\/\/comovotar.sindicato.com.br\/prevcom\/chapa-2\/","title":{"rendered":"Chapa 2"},"content":{"rendered":"\t\t<div data-elementor-type=\"wp-page\" data-elementor-id=\"247\" class=\"elementor elementor-247\" data-elementor-settings=\"{&quot;ha_cmc_init_switcher&quot;:&quot;no&quot;}\" data-elementor-post-type=\"page\">\n\t\t\t\t\t\t<section class=\"elementor-section elementor-top-section elementor-element elementor-element-0d1eb0b elementor-section-boxed elementor-section-height-default elementor-section-height-default\" data-id=\"0d1eb0b\" data-element_type=\"section\" data-e-type=\"section\" data-settings=\"{&quot;_ha_eqh_enable&quot;:false}\">\n\t\t\t\t\t\t<div class=\"elementor-container elementor-column-gap-default\">\n\t\t\t\t\t<div class=\"elementor-column elementor-col-100 elementor-top-column elementor-element elementor-element-a170139\" data-id=\"a170139\" data-element_type=\"column\" data-e-type=\"column\">\n\t\t\t<div class=\"elementor-widget-wrap elementor-element-populated\">\n\t\t\t\t\t\t<div class=\"elementor-element elementor-element-c11c9ab elementor-widget elementor-widget-text-editor\" data-id=\"c11c9ab\" data-element_type=\"widget\" data-e-type=\"widget\" data-widget_type=\"text-editor.default\">\n\t\t\t\t<div class=\"elementor-widget-container\">\n\t\t\t\t\t\t\t\t\t<p><a href=\"https:\/\/comovotar.sindicato.com.br\/prevcom\/#candidatosCD\" rel=\"noopener\"><span style=\"text-decoration: underline; color: #b2c229;\">&lt; Voltar<\/span><\/a><\/p>\t\t\t\t\t\t\t\t<\/div>\n\t\t\t\t<\/div>\n\t\t\t\t<div class=\"elementor-element elementor-element-b4737d1 elementor-widget__width-initial elementor-widget elementor-widget-heading\" data-id=\"b4737d1\" data-element_type=\"widget\" data-e-type=\"widget\" data-widget_type=\"heading.default\">\n\t\t\t\t<div class=\"elementor-widget-container\">\n\t\t\t\t\t<h2 class=\"elementor-heading-title elementor-size-default\">Candidatos: Conselho deliberativo<\/h2>\t\t\t\t<\/div>\n\t\t\t\t<\/div>\n\t\t\t\t<div class=\"elementor-element elementor-element-eb1393b elementor-widget__width-initial elementor-widget elementor-widget-heading\" data-id=\"eb1393b\" data-element_type=\"widget\" data-e-type=\"widget\" data-widget_type=\"heading.default\">\n\t\t\t\t<div class=\"elementor-widget-container\">\n\t\t\t\t\t<h2 class=\"elementor-heading-title elementor-size-default\">CHAPA 2<\/h2>\t\t\t\t<\/div>\n\t\t\t\t<\/div>\n\t\t\t\t<div class=\"elementor-element elementor-element-a363e70 elementor-widget__width-initial elementor-widget elementor-widget-heading\" data-id=\"a363e70\" data-element_type=\"widget\" data-e-type=\"widget\" data-widget_type=\"heading.default\">\n\t\t\t\t<div class=\"elementor-widget-container\">\n\t\t\t\t\t<h2 class=\"elementor-heading-title elementor-size-default\">Nossa proposta prioriza o melhor uso dos recursos, amplia\u00e7\u00e3o\u202fdo capital, expans\u00e3o da previd\u00eancia, garantia da seguran\u00e7a jur\u00eddica e transpar\u00eancia na gest\u00e3o.\u202f\u202f <\/h2>\t\t\t\t<\/div>\n\t\t\t\t<\/div>\n\t\t\t\t\t<\/div>\n\t\t<\/div>\n\t\t\t\t\t<\/div>\n\t\t<\/section>\n\t\t\t\t<section class=\"elementor-section elementor-top-section elementor-element elementor-element-bcb2de9 elementor-section-boxed elementor-section-height-default elementor-section-height-default\" data-id=\"bcb2de9\" data-element_type=\"section\" data-e-type=\"section\" data-settings=\"{&quot;_ha_eqh_enable&quot;:false}\">\n\t\t\t\t\t\t<div class=\"elementor-container elementor-column-gap-default\">\n\t\t\t\t\t<div class=\"elementor-column elementor-col-33 elementor-top-column elementor-element elementor-element-c6c30bf\" data-id=\"c6c30bf\" data-element_type=\"column\" data-e-type=\"column\">\n\t\t\t<div class=\"elementor-widget-wrap elementor-element-populated\">\n\t\t\t\t\t\t<div class=\"elementor-element elementor-element-a72e706 elementor-widget__width-initial elementor-widget elementor-widget-image\" data-id=\"a72e706\" data-element_type=\"widget\" data-e-type=\"widget\" data-widget_type=\"image.default\">\n\t\t\t\t<div class=\"elementor-widget-container\">\n\t\t\t\t\t\t\t\t\t\t\t\t\t\t\t<img fetchpriority=\"high\" decoding=\"async\" width=\"320\" height=\"400\" src=\"https:\/\/comovotar.sindicato.com.br\/prevcom\/wp-content\/uploads\/sites\/134\/2026\/02\/CD_chapa02A_Judson_Laranjeira_da_Silva.jpg\" class=\"attachment-full size-full wp-image-750\" alt=\"\" srcset=\"https:\/\/comovotar.sindicato.com.br\/prevcom\/wp-content\/uploads\/sites\/134\/2026\/02\/CD_chapa02A_Judson_Laranjeira_da_Silva.jpg 320w, https:\/\/comovotar.sindicato.com.br\/prevcom\/wp-content\/uploads\/sites\/134\/2026\/02\/CD_chapa02A_Judson_Laranjeira_da_Silva-240x300.jpg 240w\" sizes=\"(max-width: 320px) 100vw, 320px\" \/>\t\t\t\t\t\t\t\t\t\t\t\t\t\t\t<\/div>\n\t\t\t\t<\/div>\n\t\t\t\t\t<\/div>\n\t\t<\/div>\n\t\t\t\t<div class=\"elementor-column elementor-col-66 elementor-top-column elementor-element elementor-element-e4dd030\" data-id=\"e4dd030\" data-element_type=\"column\" data-e-type=\"column\">\n\t\t\t<div class=\"elementor-widget-wrap elementor-element-populated\">\n\t\t\t\t\t\t<div class=\"elementor-element elementor-element-0f5d3a9 elementor-widget__width-initial elementor-widget elementor-widget-heading\" data-id=\"0f5d3a9\" data-element_type=\"widget\" data-e-type=\"widget\" data-widget_type=\"heading.default\">\n\t\t\t\t<div class=\"elementor-widget-container\">\n\t\t\t\t\t<h2 class=\"elementor-heading-title elementor-size-default\">Candidato a <strong>CONSELHEIRO<\/strong><\/h2>\t\t\t\t<\/div>\n\t\t\t\t<\/div>\n\t\t\t\t<div class=\"elementor-element elementor-element-6a2ba18 elementor-widget__width-initial elementor-widget elementor-widget-heading\" data-id=\"6a2ba18\" data-element_type=\"widget\" data-e-type=\"widget\" data-widget_type=\"heading.default\">\n\t\t\t\t<div class=\"elementor-widget-container\">\n\t\t\t\t\t<h2 class=\"elementor-heading-title elementor-size-default\">Judson Laranjeira da Silva\n<\/h2>\t\t\t\t<\/div>\n\t\t\t\t<\/div>\n\t\t\t\t<div class=\"elementor-element elementor-element-c04a64e elementor-widget__width-initial elementor-widget elementor-widget-heading\" data-id=\"c04a64e\" data-element_type=\"widget\" data-e-type=\"widget\" data-widget_type=\"heading.default\">\n\t\t\t\t<div class=\"elementor-widget-container\">\n\t\t\t\t\t<h2 class=\"elementor-heading-title elementor-size-default\">TJ\/SP<\/h2>\t\t\t\t<\/div>\n\t\t\t\t<\/div>\n\t\t\t\t<div class=\"elementor-element elementor-element-bbc031e elementor-widget__width-initial elementor-widget elementor-widget-text-editor\" data-id=\"bbc031e\" data-element_type=\"widget\" data-e-type=\"widget\" data-widget_type=\"text-editor.default\">\n\t\t\t\t<div class=\"elementor-widget-container\">\n\t\t\t\t\t\t\t\t\t<p><strong>FORMA\u00c7\u00c3O<\/strong><br \/>\u2022 Bacharel em Direito pela Universidade IBIRAPUERA<\/p><p>Em 02\/01\/2012<\/p><p>\u2022 P\u00f3s-Gradua\u00e7\u00e3o pela Universidade L\u00edbano<\/p>\t\t\t\t\t\t\t\t<\/div>\n\t\t\t\t<\/div>\n\t\t\t\t<div class=\"elementor-element elementor-element-c27faf1 elementor-widget__width-initial elementor-widget elementor-widget-text-editor\" data-id=\"c27faf1\" data-element_type=\"widget\" data-e-type=\"widget\" data-widget_type=\"text-editor.default\">\n\t\t\t\t<div class=\"elementor-widget-container\">\n\t\t\t\t\t\t\t\t\t<p><strong>EXPERI\u00caNCIA PROFISSIONAL<\/strong><br \/>\u2022 Atualmente Chefe de Se\u00e7\u00e3o Judici\u00e1rio<\/p><p>\u2022 <strong>SAAB<\/strong> &#8211; Secretaria de Administra\u00e7\u00e3o e Abastecimento<\/p><p>\u2022 Cursos de Aperfei\u00e7oamento pelo TJSP<\/p>\t\t\t\t\t\t\t\t<\/div>\n\t\t\t\t<\/div>\n\t\t\t\t\t<\/div>\n\t\t<\/div>\n\t\t\t\t\t<\/div>\n\t\t<\/section>\n\t\t\t\t<section class=\"elementor-section elementor-top-section elementor-element elementor-element-a6cab2c elementor-section-boxed elementor-section-height-default elementor-section-height-default\" data-id=\"a6cab2c\" data-element_type=\"section\" data-e-type=\"section\" data-settings=\"{&quot;_ha_eqh_enable&quot;:false}\">\n\t\t\t\t\t\t<div class=\"elementor-container elementor-column-gap-default\">\n\t\t\t\t\t<div class=\"elementor-column elementor-col-33 elementor-top-column elementor-element elementor-element-cd0f251\" data-id=\"cd0f251\" data-element_type=\"column\" data-e-type=\"column\">\n\t\t\t<div class=\"elementor-widget-wrap elementor-element-populated\">\n\t\t\t\t\t\t<div class=\"elementor-element elementor-element-dcc3664 elementor-widget__width-initial elementor-widget elementor-widget-image\" data-id=\"dcc3664\" data-element_type=\"widget\" data-e-type=\"widget\" data-widget_type=\"image.default\">\n\t\t\t\t<div class=\"elementor-widget-container\">\n\t\t\t\t\t\t\t\t\t\t\t\t\t\t\t<img decoding=\"async\" width=\"320\" height=\"400\" src=\"https:\/\/comovotar.sindicato.com.br\/prevcom\/wp-content\/uploads\/sites\/134\/2026\/02\/CD_chapa02B_Flavio_Miranda_Fonseca.jpg\" class=\"attachment-full size-full wp-image-751\" alt=\"\" srcset=\"https:\/\/comovotar.sindicato.com.br\/prevcom\/wp-content\/uploads\/sites\/134\/2026\/02\/CD_chapa02B_Flavio_Miranda_Fonseca.jpg 320w, https:\/\/comovotar.sindicato.com.br\/prevcom\/wp-content\/uploads\/sites\/134\/2026\/02\/CD_chapa02B_Flavio_Miranda_Fonseca-240x300.jpg 240w\" sizes=\"(max-width: 320px) 100vw, 320px\" \/>\t\t\t\t\t\t\t\t\t\t\t\t\t\t\t<\/div>\n\t\t\t\t<\/div>\n\t\t\t\t\t<\/div>\n\t\t<\/div>\n\t\t\t\t<div class=\"elementor-column elementor-col-66 elementor-top-column elementor-element elementor-element-c0a7549\" data-id=\"c0a7549\" data-element_type=\"column\" data-e-type=\"column\">\n\t\t\t<div class=\"elementor-widget-wrap elementor-element-populated\">\n\t\t\t\t\t\t<div class=\"elementor-element elementor-element-3b157b2 elementor-widget__width-initial elementor-widget elementor-widget-heading\" data-id=\"3b157b2\" data-element_type=\"widget\" data-e-type=\"widget\" data-widget_type=\"heading.default\">\n\t\t\t\t<div class=\"elementor-widget-container\">\n\t\t\t\t\t<h2 class=\"elementor-heading-title elementor-size-default\">Candidato a <strong>SUPLENTE<\/strong><\/h2>\t\t\t\t<\/div>\n\t\t\t\t<\/div>\n\t\t\t\t<div class=\"elementor-element elementor-element-5ca1b62 elementor-widget__width-initial elementor-widget elementor-widget-heading\" data-id=\"5ca1b62\" data-element_type=\"widget\" data-e-type=\"widget\" data-widget_type=\"heading.default\">\n\t\t\t\t<div class=\"elementor-widget-container\">\n\t\t\t\t\t<h2 class=\"elementor-heading-title elementor-size-default\">Flavio Miranda Fonseca<\/h2>\t\t\t\t<\/div>\n\t\t\t\t<\/div>\n\t\t\t\t<div class=\"elementor-element elementor-element-6e1937d elementor-widget__width-initial elementor-widget elementor-widget-heading\" data-id=\"6e1937d\" data-element_type=\"widget\" data-e-type=\"widget\" data-widget_type=\"heading.default\">\n\t\t\t\t<div class=\"elementor-widget-container\">\n\t\t\t\t\t<h2 class=\"elementor-heading-title elementor-size-default\">TJ\/SP<\/h2>\t\t\t\t<\/div>\n\t\t\t\t<\/div>\n\t\t\t\t<div class=\"elementor-element elementor-element-9dadd32 elementor-widget__width-initial elementor-widget elementor-widget-text-editor\" data-id=\"9dadd32\" data-element_type=\"widget\" data-e-type=\"widget\" data-widget_type=\"text-editor.default\">\n\t\t\t\t<div class=\"elementor-widget-container\">\n\t\t\t\t\t\t\t\t\t<p><strong>FORMA\u00c7\u00c3O<br \/><\/strong>\u2022 Bacharel em Direito pela Universidade Bandeirante \u2013 UNIBAN em 27\/12\/2011<\/p>\t\t\t\t\t\t\t\t<\/div>\n\t\t\t\t<\/div>\n\t\t\t\t<div class=\"elementor-element elementor-element-2bb343a elementor-widget__width-initial elementor-widget elementor-widget-text-editor\" data-id=\"2bb343a\" data-element_type=\"widget\" data-e-type=\"widget\" data-widget_type=\"text-editor.default\">\n\t\t\t\t<div class=\"elementor-widget-container\">\n\t\t\t\t\t\t\t\t\t<p><strong>EXPERI\u00caNCIA PROFISSIONAL<\/strong><br \/>\u2022 Atualmente Chefe de Se\u00e7\u00e3o Judici\u00e1rio<\/p><p>\u2022 UPJ da Fam\u00edlia &#8211; F\u00f3rum Regional de Santo Amaro<\/p><p>\u2022 Cursos de Aperfei\u00e7oamento pelo TJSP<\/p>\t\t\t\t\t\t\t\t<\/div>\n\t\t\t\t<\/div>\n\t\t\t\t\t<\/div>\n\t\t<\/div>\n\t\t\t\t\t<\/div>\n\t\t<\/section>\n\t\t\t\t<section class=\"elementor-section elementor-top-section elementor-element elementor-element-ff9efd9 elementor-section-boxed elementor-section-height-default elementor-section-height-default\" data-id=\"ff9efd9\" data-element_type=\"section\" data-e-type=\"section\" data-settings=\"{&quot;_ha_eqh_enable&quot;:false}\">\n\t\t\t\t\t\t<div class=\"elementor-container elementor-column-gap-default\">\n\t\t\t\t\t<div class=\"elementor-column elementor-col-100 elementor-top-column elementor-element elementor-element-2a628e6\" data-id=\"2a628e6\" data-element_type=\"column\" data-e-type=\"column\">\n\t\t\t<div class=\"elementor-widget-wrap elementor-element-populated\">\n\t\t\t\t\t\t<div class=\"elementor-element elementor-element-0a27c7f elementor-widget__width-initial elementor-widget elementor-widget-heading\" data-id=\"0a27c7f\" data-element_type=\"widget\" data-e-type=\"widget\" data-widget_type=\"heading.default\">\n\t\t\t\t<div class=\"elementor-widget-container\">\n\t\t\t\t\t<h2 class=\"elementor-heading-title elementor-size-default\">Proposta de campanha<\/h2>\t\t\t\t<\/div>\n\t\t\t\t<\/div>\n\t\t\t\t\t<\/div>\n\t\t<\/div>\n\t\t\t\t\t<\/div>\n\t\t<\/section>\n\t\t\t\t<section class=\"elementor-section elementor-top-section elementor-element elementor-element-f02d4fe elementor-section-boxed elementor-section-height-default elementor-section-height-default\" data-id=\"f02d4fe\" data-element_type=\"section\" data-e-type=\"section\" data-settings=\"{&quot;background_background&quot;:&quot;classic&quot;,&quot;_ha_eqh_enable&quot;:false}\">\n\t\t\t\t\t\t<div class=\"elementor-container elementor-column-gap-default\">\n\t\t\t\t\t<div class=\"elementor-column elementor-col-100 elementor-top-column elementor-element elementor-element-2c90fe4\" data-id=\"2c90fe4\" data-element_type=\"column\" data-e-type=\"column\">\n\t\t\t<div class=\"elementor-widget-wrap elementor-element-populated\">\n\t\t\t\t\t\t<div class=\"elementor-element elementor-element-c7257af elementor-widget-divider--view-line elementor-widget elementor-widget-divider\" data-id=\"c7257af\" data-element_type=\"widget\" data-e-type=\"widget\" data-widget_type=\"divider.default\">\n\t\t\t\t<div class=\"elementor-widget-container\">\n\t\t\t\t\t\t\t<div class=\"elementor-divider\">\n\t\t\t<span class=\"elementor-divider-separator\">\n\t\t\t\t\t\t<\/span>\n\t\t<\/div>\n\t\t\t\t\t\t<\/div>\n\t\t\t\t<\/div>\n\t\t\t\t<div class=\"elementor-element elementor-element-d19a6bc elementor-widget__width-initial elementor-widget elementor-widget-text-editor\" data-id=\"d19a6bc\" data-element_type=\"widget\" data-e-type=\"widget\" data-widget_type=\"text-editor.default\">\n\t\t\t\t<div class=\"elementor-widget-container\">\n\t\t\t\t\t\t\t\t\t<p><span data-contrast=\"auto\">Nossa\u00a0proposta\u00a0ser\u00e1\u00a0o\u00a0melhor\u00a0investimento\u00a0dos\u00a0recursos\u00a0financeiros dispon\u00edveis, assim como j\u00e1 se tem feito satisfatoriamente durante as gest\u00f5es anteriores.<\/span><span data-ccp-props=\"{&quot;201341983&quot;:0,&quot;335559685&quot;:567,&quot;335559737&quot;:1555,&quot;335559740&quot;:259}\">\u00a0<\/span><\/p><p><span data-contrast=\"auto\">Nosso objetivo tamb\u00e9m ser\u00e1 ampliar o capital, bem como expandir o\u00a0alcance\u00a0de\u00a0nossa\u00a0previd\u00eancia\u00a0a\u00a0todos\u00a0os\u00a0\u00f3rg\u00e3os\u00a0p\u00fablicos\u00a0deste\u00a0pa\u00eds, haja\u00a0vista\u00a0a\u00a0nova\u00a0realidade\u00a0da\u00a0seguridade\u00a0social\u00a0brasileira,\u00a0que\u00a0impende uma nova forma de sustentabilidade dos recursos.<\/span><span data-ccp-props=\"{&quot;201341983&quot;:0,&quot;335559685&quot;:567,&quot;335559737&quot;:1553,&quot;335559738&quot;:1,&quot;335559740&quot;:259}\">\u00a0<\/span><\/p><p><span data-contrast=\"auto\">Outrossim,\u00a0demais\u00a0propostas\u00a0ser\u00e3o\u00a0apresentadas\u00a0durante\u00a0a\u00a0gest\u00e3o,\u00a0de modo a ampliar e captar mais recursos para nossa Previd\u00eancia, oferecendo\u00a0o\u00a0m\u00e1ximo\u00a0de\u00a0seguran\u00e7a\u00a0jur\u00eddica\u00a0e\u00a0transpar\u00eancia\u00a0na\u00a0gest\u00e3o desses recursos progressivos!<\/span><span data-ccp-props=\"{&quot;201341983&quot;:0,&quot;335559685&quot;:567,&quot;335559737&quot;:1555,&quot;335559740&quot;:259}\">\u00a0<\/span><\/p>\t\t\t\t\t\t\t\t<\/div>\n\t\t\t\t<\/div>\n\t\t\t\t\t<\/div>\n\t\t<\/div>\n\t\t\t\t\t<\/div>\n\t\t<\/section>\n\t\t\t\t<section class=\"elementor-section elementor-top-section elementor-element elementor-element-c889245 elementor-section-boxed elementor-section-height-default elementor-section-height-default\" data-id=\"c889245\" data-element_type=\"section\" data-e-type=\"section\" data-settings=\"{&quot;background_background&quot;:&quot;classic&quot;,&quot;_ha_eqh_enable&quot;:false}\">\n\t\t\t\t\t\t<div class=\"elementor-container elementor-column-gap-default\">\n\t\t\t\t\t<div class=\"elementor-column elementor-col-100 elementor-top-column elementor-element elementor-element-8f3176a\" data-id=\"8f3176a\" data-element_type=\"column\" data-e-type=\"column\">\n\t\t\t<div class=\"elementor-widget-wrap elementor-element-populated\">\n\t\t\t\t\t\t<div class=\"elementor-element elementor-element-a0e04a4 elementor-widget-divider--view-line elementor-widget elementor-widget-divider\" data-id=\"a0e04a4\" data-element_type=\"widget\" data-e-type=\"widget\" data-widget_type=\"divider.default\">\n\t\t\t\t<div class=\"elementor-widget-container\">\n\t\t\t\t\t\t\t<div class=\"elementor-divider\">\n\t\t\t<span class=\"elementor-divider-separator\">\n\t\t\t\t\t\t<\/span>\n\t\t<\/div>\n\t\t\t\t\t\t<\/div>\n\t\t\t\t<\/div>\n\t\t\t\t\t<\/div>\n\t\t<\/div>\n\t\t\t\t\t<\/div>\n\t\t<\/section>\n\t\t\t\t<\/div>\n\t\t","protected":false},"excerpt":{"rendered":"<p>&lt; Voltar Candidatos: Conselho deliberativo CHAPA 2 Nossa proposta prioriza o melhor uso dos recursos, amplia\u00e7\u00e3o\u202fdo capital, expans\u00e3o da previd\u00eancia, garantia da seguran\u00e7a jur\u00eddica e transpar\u00eancia na gest\u00e3o.\u202f\u202f Candidato a CONSELHEIRO Judson Laranjeira da Silva TJ\/SP FORMA\u00c7\u00c3O\u2022 Bacharel em Direito pela Universidade IBIRAPUERA Em 02\/01\/2012 \u2022 P\u00f3s-Gradua\u00e7\u00e3o pela Universidade L\u00edbano EXPERI\u00caNCIA PROFISSIONAL\u2022 Atualmente Chefe de [&hellip;]<\/p>\n","protected":false},"author":4,"featured_media":0,"parent":0,"menu_order":0,"comment_status":"closed","ping_status":"closed","template":"","meta":{"footnotes":""},"class_list":["post-247","page","type-page","status-publish","hentry"],"_links":{"self":[{"href":"https:\/\/comovotar.sindicato.com.br\/prevcom\/wp-json\/wp\/v2\/pages\/247","targetHints":{"allow":["GET"]}}],"collection":[{"href":"https:\/\/comovotar.sindicato.com.br\/prevcom\/wp-json\/wp\/v2\/pages"}],"about":[{"href":"https:\/\/comovotar.sindicato.com.br\/prevcom\/wp-json\/wp\/v2\/types\/page"}],"author":[{"embeddable":true,"href":"https:\/\/comovotar.sindicato.com.br\/prevcom\/wp-json\/wp\/v2\/users\/4"}],"replies":[{"embeddable":true,"href":"https:\/\/comovotar.sindicato.com.br\/prevcom\/wp-json\/wp\/v2\/comments?post=247"}],"version-history":[{"count":36,"href":"https:\/\/comovotar.sindicato.com.br\/prevcom\/wp-json\/wp\/v2\/pages\/247\/revisions"}],"predecessor-version":[{"id":1325,"href":"https:\/\/comovotar.sindicato.com.br\/prevcom\/wp-json\/wp\/v2\/pages\/247\/revisions\/1325"}],"wp:attachment":[{"href":"https:\/\/comovotar.sindicato.com.br\/prevcom\/wp-json\/wp\/v2\/media?parent=247"}],"curies":[{"name":"wp","href":"https:\/\/api.w.org\/{rel}","templated":true}]}}